{"id":3693,"date":"2018-03-06T14:50:47","date_gmt":"2018-03-06T14:50:47","guid":{"rendered":"https:\/\/transcat.net\/contacto\/"},"modified":"2023-12-18T10:48:48","modified_gmt":"2023-12-18T10:48:48","slug":"contacto","status":"publish","type":"page","link":"https:\/\/transcat.net\/de\/contacto\/","title":{"rendered":"Kontakt"},"content":{"rendered":"\t\t<div data-elementor-type=\"wp-post\" data-elementor-id=\"3693\" class=\"elementor elementor-3693 elementor-203\">\n\t\t\t\t\t\t<section class=\"elementor-section elementor-top-section elementor-element elementor-element-c501757 elementor-section-boxed elementor-section-height-default elementor-section-height-default\" data-id=\"c501757\" data-element_type=\"section\">\n\t\t\t\t\t\t<div class=\"elementor-container elementor-column-gap-no\">\n\t\t\t\t\t<div class=\"elementor-column elementor-col-100 elementor-top-column elementor-element elementor-element-0ab1769 sc_layouts_column_icons_position_left\" data-id=\"0ab1769\" data-element_type=\"column\">\n\t\t\t<div class=\"elementor-widget-wrap elementor-element-populated\">\n\t\t\t\t\t\t<section class=\"elementor-section elementor-inner-section elementor-element elementor-element-c4f77fa elementor-section-boxed elementor-section-height-default elementor-section-height-default\" data-id=\"c4f77fa\" data-element_type=\"section\">\n\t\t\t\t\t\t<div class=\"elementor-container elementor-column-gap-extended\">\n\t\t\t\t\t<div class=\"elementor-column elementor-col-100 elementor-inner-column elementor-element elementor-element-4131cbb sc_layouts_column_icons_position_left\" data-id=\"4131cbb\" data-element_type=\"column\">\n\t\t\t<div class=\"elementor-widget-wrap elementor-element-populated\">\n\t\t\t\t\t\t<div class=\"elementor-element elementor-element-64f76f1 elementor-widget elementor-widget-spacer\" data-id=\"64f76f1\" data-element_type=\"widget\" data-widget_type=\"spacer.default\">\n\t\t\t\t<div class=\"elementor-widget-container\">\n\t\t\t\t\t\t\t<div class=\"elementor-spacer\">\n\t\t\t<div class=\"elementor-spacer-inner\"><\/div>\n\t\t<\/div>\n\t\t\t\t\t\t<\/div>\n\t\t\t\t<\/div>\n\t\t\t\t\t<\/div>\n\t\t<\/div>\n\t\t\t\t\t<\/div>\n\t\t<\/section>\n\t\t\t\t<div class=\"elementor-element elementor-element-63b48be elementor-widget elementor-widget-trx_sc_icons\" data-id=\"63b48be\" data-element_type=\"widget\" data-widget_type=\"trx_sc_icons.default\">\n\t\t\t\t<div class=\"elementor-widget-container\">\n\t\t\t\t\t<div id=\"trx_sc_icons_271333283\" \r\n\tclass=\"sc_icons sc_icons_default sc_icons_size_large sc_align_left\">\r\n\r\n<div class=\"sc_icons_columns_wrap sc_item_columns trx_addons_columns_wrap columns_padding_bottom\"><div class=\"trx_addons_column-1_2\"><div class=\"sc_icons_item with_image_bg trx_addons_inline_809817613\"><div id=\"trx_sc_icons_271333283_icon-office\" class=\"sc_icons_icon sc_icon_type_ icon-office\"\r\n\t\t\t\t\t\t\t\t\t\t><\/div><h4 class=\"sc_icons_item_title\"><span>TRANSCAT VALENCIA<\/span><\/h4><div class=\"sc_icons_item_description\"><span><span class=\"description_title\">P. I. FUENTE DEL JARRO:<\/span> Calle Ciutat de Onda 11, 46988 (Paterna) - VALENCIA - SPAIN<\/span><span><\/span><\/div><\/div><\/div><div class=\"trx_addons_column-1_2\"><div class=\"sc_icons_item with_image_bg trx_addons_inline_1028344259\"><div id=\"trx_sc_icons_271333283_icon-office\" class=\"sc_icons_icon sc_icon_type_ icon-office\"\r\n\t\t\t\t\t\t\t\t\t\t><\/div><h4 class=\"sc_icons_item_title\"><span>TRANSCAT SEVILLA<\/span><\/h4><div class=\"sc_icons_item_description\"><span><span class=\"description_title\">P. I. PISA:<\/span>Calle Industria 5; Edf. METROPOL 3, 4\u00aa Planta. M\u00f3dulo 12, 41927 (Mairena de Aljarafe) - SEVILLA - SPAIN<\/span><span><\/span><\/div><\/div><\/div><div class=\"trx_addons_column-1_2\"><div class=\"sc_icons_item with_image_bg trx_addons_inline_445177709\"><div id=\"trx_sc_icons_271333283_icon-telephone1\" class=\"sc_icons_icon sc_icon_type_ icon-telephone1\"\r\n\t\t\t\t\t\t\t\t\t\t><\/div><h4 class=\"sc_icons_item_title\"><span>Tel\u00e9fono<\/span><\/h4><div class=\"sc_icons_item_description\"><span><span class=\"description_title\">CENTRALITA:<\/span><a href=\"tel:+962524510\">962.524.510<\/a> <\/span><span><span class=\"description_title\">EMAIL:<\/span> <a href=\"mailto:info@example.com\">info@transcat.net<\/a><\/span><\/div><\/div><\/div><div class=\"trx_addons_column-1_2\"><div class=\"sc_icons_item with_image_bg trx_addons_inline_422319802\"><div id=\"trx_sc_icons_271333283_icon-wall-clock\" class=\"sc_icons_icon sc_icon_type_ icon-wall-clock\"\r\n\t\t\t\t\t\t\t\t\t\t><\/div><h4 class=\"sc_icons_item_title\"><span>Horario comercial<\/span><\/h4><div class=\"sc_icons_item_description\"><span><span class=\"description_title\">LUN - VIE:<\/span> 9.00 \u2013 19.00 h <\/span><span><span class=\"description_title\">SAB:<\/span> 9.00 \u2013 14.00 h<\/span><span><\/span><span><span class=\"description_title\">INCIDENCIAS:<\/span> 24 h<\/span><\/div><\/div><\/div><\/div><\/div><!-- \/.sc_icons -->\t\t\t\t<\/div>\n\t\t\t\t<\/div>\n\t\t\t\t\t<\/div>\n\t\t<\/div>\n\t\t\t\t\t<\/div>\n\t\t<\/section>\n\t\t\t\t<section class=\"elementor-section elementor-top-section elementor-element elementor-element-4c1ccf3 elementor-section-boxed elementor-section-height-default elementor-section-height-default\" data-id=\"4c1ccf3\" data-element_type=\"section\">\n\t\t\t\t\t\t<div class=\"elementor-container elementor-column-gap-extended\">\n\t\t\t\t\t<div class=\"elementor-column elementor-col-100 elementor-top-column elementor-element elementor-element-e793543 sc_layouts_column_icons_position_left\" data-id=\"e793543\" data-element_type=\"column\">\n\t\t\t<div class=\"elementor-widget-wrap elementor-element-populated\">\n\t\t\t\t\t\t<div class=\"elementor-element elementor-element-011ffa1 elementor-widget elementor-widget-spacer\" data-id=\"011ffa1\" data-element_type=\"widget\" data-widget_type=\"spacer.default\">\n\t\t\t\t<div class=\"elementor-widget-container\">\n\t\t\t\t\t\t\t<div class=\"elementor-spacer\">\n\t\t\t<div class=\"elementor-spacer-inner\"><\/div>\n\t\t<\/div>\n\t\t\t\t\t\t<\/div>\n\t\t\t\t<\/div>\n\t\t\t\t\t<\/div>\n\t\t<\/div>\n\t\t\t\t\t<\/div>\n\t\t<\/section>\n\t\t\t\t<section class=\"elementor-section elementor-top-section elementor-element elementor-element-2e87767 elementor-section-boxed elementor-section-height-default elementor-section-height-default\" data-id=\"2e87767\" data-element_type=\"section\">\n\t\t\t\t\t\t<div class=\"elementor-container elementor-column-gap-extended\">\n\t\t\t\t\t<div class=\"elementor-column elementor-col-100 elementor-top-column elementor-element elementor-element-fb7ce4c sc_layouts_column_icons_position_left\" data-id=\"fb7ce4c\" data-element_type=\"column\">\n\t\t\t<div class=\"elementor-widget-wrap elementor-element-populated\">\n\t\t\t\t\t\t<div class=\"elementor-element elementor-element-45b7d67 elementor-widget elementor-widget-trx_sc_title\" data-id=\"45b7d67\" data-element_type=\"widget\" data-widget_type=\"trx_sc_title.default\">\n\t\t\t\t<div class=\"elementor-widget-container\">\n\t\t\t\t\t<div id=\"trx_sc_title_943246940\"\r\n\t\tclass=\"sc_title color_style_default sc_title_default with_border\">\r\n<div class=\"sc_title_container  sc_align_center title_style_default with_border\">\r\n<h6 class=\"sc_item_subtitle sc_title_subtitle sc_align_center sc_item_title_style_default with_border\">FORMULARIO <\/h6><h2 class=\"sc_item_title sc_title_title sc_align_center sc_item_title_style_default with_border\">de contacto<\/h2><\/div>\r\n\r\n<\/div><!-- \/.sc_title -->\t\t\t\t<\/div>\n\t\t\t\t<\/div>\n\t\t\t\t\t<\/div>\n\t\t<\/div>\n\t\t\t\t\t<\/div>\n\t\t<\/section>\n\t\t\t\t<section class=\"elementor-section elementor-top-section elementor-element elementor-element-5caff26 elementor-section-boxed elementor-section-height-default elementor-section-height-default\" data-id=\"5caff26\" data-element_type=\"section\">\n\t\t\t\t\t\t<div class=\"elementor-container elementor-column-gap-no\">\n\t\t\t\t\t<div class=\"elementor-column elementor-col-100 elementor-top-column elementor-element elementor-element-3f54322 sc_layouts_column_icons_position_left\" data-id=\"3f54322\" data-element_type=\"column\">\n\t\t\t<div class=\"elementor-widget-wrap elementor-element-populated\">\n\t\t\t\t\t\t<div class=\"elementor-element elementor-element-e58e276 elementor-widget elementor-widget-spacer\" data-id=\"e58e276\" data-element_type=\"widget\" data-widget_type=\"spacer.default\">\n\t\t\t\t<div class=\"elementor-widget-container\">\n\t\t\t\t\t\t\t<div class=\"elementor-spacer\">\n\t\t\t<div class=\"elementor-spacer-inner\"><\/div>\n\t\t<\/div>\n\t\t\t\t\t\t<\/div>\n\t\t\t\t<\/div>\n\t\t\t\t<div class=\"elementor-element elementor-element-6924a4d elementor-widget elementor-widget-wp-widget-custom_html\" data-id=\"6924a4d\" data-element_type=\"widget\" data-widget_type=\"wp-widget-custom_html.default\">\n\t\t\t\t<div class=\"elementor-widget-container\">\n\t\t\t\t\t<aside class=\"widget_text widget wp-widget-custom_html\"><div class=\"textwidget custom-html-widget\"><p>\n<div class=\"wpcf7 no-js\" id=\"wpcf7-f486-o1\" lang=\"es-ES\" dir=\"ltr\" data-wpcf7-id=\"486\">\n<div class=\"screen-reader-response\"><p role=\"status\" aria-live=\"polite\" aria-atomic=\"true\"><\/p> <ul><\/ul><\/div>\n<form action=\"\/de\/wp-json\/wp\/v2\/pages\/3693#wpcf7-f486-o1\" method=\"post\" class=\"wpcf7-form init\" aria-label=\"Formulario de contacto\" novalidate=\"novalidate\" data-status=\"init\">\n<fieldset class=\"hidden-fields-container\"><input type=\"hidden\" name=\"_wpcf7\" value=\"486\" \/><input type=\"hidden\" name=\"_wpcf7_version\" value=\"6.1.2\" \/><input type=\"hidden\" name=\"_wpcf7_locale\" value=\"es_ES\" \/><input type=\"hidden\" name=\"_wpcf7_unit_tag\" value=\"wpcf7-f486-o1\" \/><input type=\"hidden\" name=\"_wpcf7_container_post\" value=\"0\" \/><input type=\"hidden\" name=\"_wpcf7_posted_data_hash\" value=\"\" \/>\n<\/fieldset>\n<div class=\"col_container contact_us\">\n\t<p class=\"col_1-2\"><br \/>\n<span class=\"wpcf7-form-control-wrap\" data-name=\"your_name\"><input size=\"40\" maxlength=\"400\" class=\"wpcf7-form-control wpcf7-text wpcf7-validates-as-required\" aria-required=\"true\" aria-invalid=\"false\" placeholder=\"Nombre*\" value=\"\" type=\"text\" name=\"your_name\" \/><\/span>\n\t<\/p>\n\t<p class=\"col_1-2\"><br \/>\n<span class=\"wpcf7-form-control-wrap\" data-name=\"your_email\"><input size=\"40\" maxlength=\"400\" class=\"wpcf7-form-control wpcf7-email wpcf7-validates-as-required wpcf7-text wpcf7-validates-as-email\" aria-required=\"true\" aria-invalid=\"false\" placeholder=\"Email*\" value=\"\" type=\"email\" name=\"your_email\" \/><\/span>\n\t<\/p>\n\t<p class=\"col_1-1\"><br \/>\n<span class=\"wpcf7-form-control-wrap\" data-name=\"message\"><textarea cols=\"40\" rows=\"10\" maxlength=\"2000\" class=\"wpcf7-form-control wpcf7-textarea wpcf7-validates-as-required\" aria-required=\"true\" aria-invalid=\"false\" placeholder=\"Mensaje*\" name=\"message\"><\/textarea><\/span>\n\t<\/p>\n\t<p class=\"col_1-1\"><br \/>\nEn cumplimiento de la normativa vigente en materia de protecci\u00f3n de datos le informamos que el responsable de sus datos personales es TRANS CAT SL, y los utilizar\u00e1 con la finalidad de responder a las solicitudes de informaci\u00f3n recibidas. Este tratamiento est\u00e1 basado en el consentimiento del interesado. No est\u00e1 prevista ninguna cesi\u00f3n de sus datos a terceros. Puede acceder, rectificar y suprimir los datos, as\u00ed como otros derechos que le asisten sobre protecci\u00f3n de datos a trav\u00e9s de protecciondatos@transcat.net. Puede obtener informaci\u00f3n adicional sobre protecci\u00f3n de datos solicit\u00e1ndola a nuestra organizaci\u00f3n.\n\t<\/p>\n\t<p class=\"col_1-1 form_button\"><br \/>\n<span class=\"wpcf7-form-control-wrap\" data-name=\"acceptance-615\"><span class=\"wpcf7-form-control wpcf7-acceptance\"><span class=\"wpcf7-list-item\"><label><input type=\"checkbox\" name=\"acceptance-615\" value=\"1\" aria-invalid=\"false\" \/><span class=\"wpcf7-list-item-label\">He le\u00eddo y acepto la <a target=\"_blank\" rel=\"noopener noreferrer\" href=\"https:\/\/transcat.net\/politica-de-privacidad\/\">pol\u00edtica de privacidad<\/a>.<\/span><\/label><\/span><\/span><\/span><br \/>\n<span class=\"wpcf7-form-control-wrap\" data-name=\"acceptance-157\"><span class=\"wpcf7-form-control wpcf7-acceptance\"><span class=\"wpcf7-list-item\"><label><input type=\"checkbox\" name=\"acceptance-157\" value=\"1\" aria-invalid=\"false\" \/><span class=\"wpcf7-list-item-label\">Acepto que los datos enviados se recopilen y almacenen.<\/span><\/label><\/span><\/span><\/span><br \/>\n<input class=\"wpcf7-form-control wpcf7-submit has-spinner\" type=\"submit\" value=\"Enviar mensaje\" \/>\n\t<\/p>\n<\/div><div class=\"wpcf7-response-output\" aria-hidden=\"true\"><\/div>\n<\/form>\n<\/div>\n<\/p>\n<\/div><\/aside>\t\t\t\t<\/div>\n\t\t\t\t<\/div>\n\t\t\t\t\t<\/div>\n\t\t<\/div>\n\t\t\t\t\t<\/div>\n\t\t<\/section>\n\t\t\t\t<section class=\"elementor-section elementor-top-section elementor-element elementor-element-2ecdabe elementor-section-boxed elementor-section-height-default elementor-section-height-default\" data-id=\"2ecdabe\" data-element_type=\"section\">\n\t\t\t\t\t\t<div class=\"elementor-container elementor-column-gap-extended\">\n\t\t\t\t\t<div class=\"elementor-column elementor-col-100 elementor-top-column elementor-element elementor-element-eef7723 sc_layouts_column_icons_position_left\" data-id=\"eef7723\" data-element_type=\"column\">\n\t\t\t<div class=\"elementor-widget-wrap elementor-element-populated\">\n\t\t\t\t\t\t<div class=\"elementor-element elementor-element-9dde85b elementor-widget elementor-widget-spacer\" data-id=\"9dde85b\" data-element_type=\"widget\" data-widget_type=\"spacer.default\">\n\t\t\t\t<div class=\"elementor-widget-container\">\n\t\t\t\t\t\t\t<div class=\"elementor-spacer\">\n\t\t\t<div class=\"elementor-spacer-inner\"><\/div>\n\t\t<\/div>\n\t\t\t\t\t\t<\/div>\n\t\t\t\t<\/div>\n\t\t\t\t\t<\/div>\n\t\t<\/div>\n\t\t\t\t\t<\/div>\n\t\t<\/section>\n\t\t\t\t<section class=\"elementor-section elementor-top-section elementor-element elementor-element-257dae7 elementor-section-boxed elementor-section-height-default elementor-section-height-default\" data-id=\"257dae7\" data-element_type=\"section\">\n\t\t\t\t\t\t<div class=\"elementor-container elementor-column-gap-extended\">\n\t\t\t\t\t<div class=\"elementor-column elementor-col-50 elementor-top-column elementor-element elementor-element-278a735 sc_layouts_column_icons_position_left\" data-id=\"278a735\" data-element_type=\"column\">\n\t\t\t<div class=\"elementor-widget-wrap elementor-element-populated\">\n\t\t\t\t\t\t<div class=\"elementor-element elementor-element-723c80e elementor-widget elementor-widget-google_maps\" data-id=\"723c80e\" data-element_type=\"widget\" data-widget_type=\"google_maps.default\">\n\t\t\t\t<div class=\"elementor-widget-container\">\n\t\t\t\t\t\t\t<div class=\"elementor-custom-embed\">\n\t\t\t<iframe loading=\"lazy\"\n\t\t\t\t\tsrc=\"https:\/\/maps.google.com\/maps?q=Calle%20Ciutat%20de%20Onda%2011%2C%2046988%20%28Paterna%29%20-%20VALENCIA%20-%20SPAIN&#038;t=m&#038;z=10&#038;output=embed&#038;iwloc=near\"\n\t\t\t\t\ttitle=\"Calle Ciutat de Onda 11, 46988 (Paterna) - VALENCIA - SPAIN\"\n\t\t\t\t\taria-label=\"Calle Ciutat de Onda 11, 46988 (Paterna) - VALENCIA - SPAIN\"\n\t\t\t><\/iframe>\n\t\t<\/div>\n\t\t\t\t\t\t<\/div>\n\t\t\t\t<\/div>\n\t\t\t\t\t<\/div>\n\t\t<\/div>\n\t\t\t\t<div class=\"elementor-column elementor-col-50 elementor-top-column elementor-element elementor-element-236bf04 sc_layouts_column_icons_position_left\" data-id=\"236bf04\" data-element_type=\"column\">\n\t\t\t<div class=\"elementor-widget-wrap elementor-element-populated\">\n\t\t\t\t\t\t<div class=\"elementor-element elementor-element-b1fa963 elementor-widget elementor-widget-google_maps\" data-id=\"b1fa963\" data-element_type=\"widget\" data-widget_type=\"google_maps.default\">\n\t\t\t\t<div class=\"elementor-widget-container\">\n\t\t\t\t\t\t\t<div class=\"elementor-custom-embed\">\n\t\t\t<iframe loading=\"lazy\"\n\t\t\t\t\tsrc=\"https:\/\/maps.google.com\/maps?q=Calle%20Industria%205%3B%20Edf.%20METROPOL%203%2C%204%C2%AA%20Planta.%20M%C3%B3dulo%2012%2C%2041927%20%28Mairena%20de%20Aljarafe%29%20-%20SEVILLA&#038;t=m&#038;z=10&#038;output=embed&#038;iwloc=near\"\n\t\t\t\t\ttitle=\"Calle Industria 5; Edf. METROPOL 3, 4\u00aa Planta. M\u00f3dulo 12, 41927 (Mairena de Aljarafe) - SEVILLA\"\n\t\t\t\t\taria-label=\"Calle Industria 5; Edf. METROPOL 3, 4\u00aa Planta. M\u00f3dulo 12, 41927 (Mairena de Aljarafe) - SEVILLA\"\n\t\t\t><\/iframe>\n\t\t<\/div>\n\t\t\t\t\t\t<\/div>\n\t\t\t\t<\/div>\n\t\t\t\t\t<\/div>\n\t\t<\/div>\n\t\t\t\t\t<\/div>\n\t\t<\/section>\n\t\t\t\t<\/div>\n\t\t","protected":false},"excerpt":{"rendered":"<p>TRANSCAT VALENCIA P. I. FUENTE DEL JARRO: Calle Ciutat de Onda 11, 46988 (Paterna) &#8211; VALENCIA &#8211; SPAIN TRANSCAT SEVILLA P. I. PISA:Calle Industria 5; Edf. METROPOL 3, 4\u00aa Planta. M\u00f3dulo 12, 41927 (Mairena de Aljarafe) &#8211; SEVILLA&hellip;<\/p>\n","protected":false},"author":1,"featured_media":0,"parent":0,"menu_order":0,"comment_status":"closed","ping_status":"closed","template":"","meta":{"footnotes":""},"class_list":["post-3693","page","type-page","status-publish","hentry"],"yoast_head":"<!-- This site is optimized with the Yoast SEO plugin v26.1.1 - https:\/\/yoast.com\/wordpress\/plugins\/seo\/ -->\n<title>Kontakt - Transcat - Agencia de Transportes<\/title>\n<meta name=\"robots\" content=\"index, follow, max-snippet:-1, max-image-preview:large, max-video-preview:-1\" \/>\n<link rel=\"canonical\" href=\"https:\/\/transcat.net\/contacto\/\" \/>\n<meta property=\"og:locale\" content=\"de_DE\" \/>\n<meta property=\"og:type\" content=\"article\" \/>\n<meta property=\"og:title\" content=\"Kontakt - Transcat - Agencia de Transportes\" \/>\n<meta property=\"og:description\" content=\"TRANSCAT VALENCIA P. I. FUENTE DEL JARRO: Calle Ciutat de Onda 11, 46988 (Paterna) &#8211; VALENCIA &#8211; SPAIN TRANSCAT SEVILLA P. I. PISA:Calle Industria 5; Edf. METROPOL 3, 4\u00aa Planta. M\u00f3dulo 12, 41927 (Mairena de Aljarafe) &#8211; SEVILLA&hellip;\" \/>\n<meta property=\"og:url\" content=\"https:\/\/transcat.net\/contacto\/\" \/>\n<meta property=\"og:site_name\" content=\"Transcat - Agencia de Transportes\" \/>\n<meta property=\"article:publisher\" content=\"https:\/\/www.facebook.com\/profile.php?id=61556048072021\" \/>\n<meta property=\"article:modified_time\" content=\"2023-12-18T10:48:48+00:00\" \/>\n<meta property=\"og:image\" content=\"https:\/\/transcat.net\/wp-content\/uploads\/2020\/04\/cropped-logo_Transcat_02.png\" \/>\n\t<meta property=\"og:image:width\" content=\"512\" \/>\n\t<meta property=\"og:image:height\" content=\"512\" \/>\n\t<meta property=\"og:image:type\" content=\"image\/png\" \/>\n<meta name=\"twitter:card\" content=\"summary_large_image\" \/>\n<script type=\"application\/ld+json\" class=\"yoast-schema-graph\">{\"@context\":\"https:\/\/schema.org\",\"@graph\":[{\"@type\":\"WebPage\",\"@id\":\"https:\/\/transcat.net\/contacto\/\",\"url\":\"https:\/\/transcat.net\/contacto\/\",\"name\":\"Kontakt - Transcat - Agencia de Transportes\",\"isPartOf\":{\"@id\":\"https:\/\/transcat.net\/#website\"},\"datePublished\":\"2018-03-06T14:50:47+00:00\",\"dateModified\":\"2023-12-18T10:48:48+00:00\",\"breadcrumb\":{\"@id\":\"https:\/\/transcat.net\/contacto\/#breadcrumb\"},\"inLanguage\":\"de\",\"potentialAction\":[{\"@type\":\"ReadAction\",\"target\":[\"https:\/\/transcat.net\/contacto\/\"]}]},{\"@type\":\"BreadcrumbList\",\"@id\":\"https:\/\/transcat.net\/contacto\/#breadcrumb\",\"itemListElement\":[{\"@type\":\"ListItem\",\"position\":1,\"name\":\"Home\",\"item\":\"https:\/\/transcat.net\/de\/\"},{\"@type\":\"ListItem\",\"position\":2,\"name\":\"Kontakt\"}]},{\"@type\":\"WebSite\",\"@id\":\"https:\/\/transcat.net\/#website\",\"url\":\"https:\/\/transcat.net\/\",\"name\":\"Transcat - Empresa de Transporte en Valencia\",\"description\":\"L\u00edder en Transporte Internacional\",\"publisher\":{\"@id\":\"https:\/\/transcat.net\/#organization\"},\"alternateName\":\"Transcat\",\"potentialAction\":[{\"@type\":\"SearchAction\",\"target\":{\"@type\":\"EntryPoint\",\"urlTemplate\":\"https:\/\/transcat.net\/?s={search_term_string}\"},\"query-input\":{\"@type\":\"PropertyValueSpecification\",\"valueRequired\":true,\"valueName\":\"search_term_string\"}}],\"inLanguage\":\"de\"},{\"@type\":\"Organization\",\"@id\":\"https:\/\/transcat.net\/#organization\",\"name\":\"Transcat\",\"url\":\"https:\/\/transcat.net\/\",\"logo\":{\"@type\":\"ImageObject\",\"inLanguage\":\"de\",\"@id\":\"https:\/\/transcat.net\/#\/schema\/logo\/image\/\",\"url\":\"https:\/\/transcat.net\/wp-content\/uploads\/2020\/04\/logo_Transcat_02.png\",\"contentUrl\":\"https:\/\/transcat.net\/wp-content\/uploads\/2020\/04\/logo_Transcat_02.png\",\"width\":512,\"height\":512,\"caption\":\"Transcat\"},\"image\":{\"@id\":\"https:\/\/transcat.net\/#\/schema\/logo\/image\/\"},\"sameAs\":[\"https:\/\/www.facebook.com\/profile.php?id=61556048072021\"]}]}<\/script>\n<!-- \/ Yoast SEO plugin. -->","yoast_head_json":{"title":"Kontakt - Transcat - Agencia de Transportes","robots":{"index":"index","follow":"follow","max-snippet":"max-snippet:-1","max-image-preview":"max-image-preview:large","max-video-preview":"max-video-preview:-1"},"canonical":"https:\/\/transcat.net\/contacto\/","og_locale":"de_DE","og_type":"article","og_title":"Kontakt - Transcat - Agencia de Transportes","og_description":"TRANSCAT VALENCIA P. I. FUENTE DEL JARRO: Calle Ciutat de Onda 11, 46988 (Paterna) &#8211; VALENCIA &#8211; SPAIN TRANSCAT SEVILLA P. I. PISA:Calle Industria 5; Edf. METROPOL 3, 4\u00aa Planta. M\u00f3dulo 12, 41927 (Mairena de Aljarafe) &#8211; SEVILLA&hellip;","og_url":"https:\/\/transcat.net\/contacto\/","og_site_name":"Transcat - Agencia de Transportes","article_publisher":"https:\/\/www.facebook.com\/profile.php?id=61556048072021","article_modified_time":"2023-12-18T10:48:48+00:00","og_image":[{"width":512,"height":512,"url":"https:\/\/transcat.net\/wp-content\/uploads\/2020\/04\/cropped-logo_Transcat_02.png","type":"image\/png"}],"twitter_card":"summary_large_image","schema":{"@context":"https:\/\/schema.org","@graph":[{"@type":"WebPage","@id":"https:\/\/transcat.net\/contacto\/","url":"https:\/\/transcat.net\/contacto\/","name":"Kontakt - Transcat - Agencia de Transportes","isPartOf":{"@id":"https:\/\/transcat.net\/#website"},"datePublished":"2018-03-06T14:50:47+00:00","dateModified":"2023-12-18T10:48:48+00:00","breadcrumb":{"@id":"https:\/\/transcat.net\/contacto\/#breadcrumb"},"inLanguage":"de","potentialAction":[{"@type":"ReadAction","target":["https:\/\/transcat.net\/contacto\/"]}]},{"@type":"BreadcrumbList","@id":"https:\/\/transcat.net\/contacto\/#breadcrumb","itemListElement":[{"@type":"ListItem","position":1,"name":"Home","item":"https:\/\/transcat.net\/de\/"},{"@type":"ListItem","position":2,"name":"Kontakt"}]},{"@type":"WebSite","@id":"https:\/\/transcat.net\/#website","url":"https:\/\/transcat.net\/","name":"Transcat - Empresa de Transporte en Valencia","description":"L\u00edder en Transporte Internacional","publisher":{"@id":"https:\/\/transcat.net\/#organization"},"alternateName":"Transcat","potentialAction":[{"@type":"SearchAction","target":{"@type":"EntryPoint","urlTemplate":"https:\/\/transcat.net\/?s={search_term_string}"},"query-input":{"@type":"PropertyValueSpecification","valueRequired":true,"valueName":"search_term_string"}}],"inLanguage":"de"},{"@type":"Organization","@id":"https:\/\/transcat.net\/#organization","name":"Transcat","url":"https:\/\/transcat.net\/","logo":{"@type":"ImageObject","inLanguage":"de","@id":"https:\/\/transcat.net\/#\/schema\/logo\/image\/","url":"https:\/\/transcat.net\/wp-content\/uploads\/2020\/04\/logo_Transcat_02.png","contentUrl":"https:\/\/transcat.net\/wp-content\/uploads\/2020\/04\/logo_Transcat_02.png","width":512,"height":512,"caption":"Transcat"},"image":{"@id":"https:\/\/transcat.net\/#\/schema\/logo\/image\/"},"sameAs":["https:\/\/www.facebook.com\/profile.php?id=61556048072021"]}]}},"_links":{"self":[{"href":"https:\/\/transcat.net\/de\/wp-json\/wp\/v2\/pages\/3693","targetHints":{"allow":["GET"]}}],"collection":[{"href":"https:\/\/transcat.net\/de\/wp-json\/wp\/v2\/pages"}],"about":[{"href":"https:\/\/transcat.net\/de\/wp-json\/wp\/v2\/types\/page"}],"author":[{"embeddable":true,"href":"https:\/\/transcat.net\/de\/wp-json\/wp\/v2\/users\/1"}],"replies":[{"embeddable":true,"href":"https:\/\/transcat.net\/de\/wp-json\/wp\/v2\/comments?post=3693"}],"version-history":[{"count":2,"href":"https:\/\/transcat.net\/de\/wp-json\/wp\/v2\/pages\/3693\/revisions"}],"predecessor-version":[{"id":4635,"href":"https:\/\/transcat.net\/de\/wp-json\/wp\/v2\/pages\/3693\/revisions\/4635"}],"wp:attachment":[{"href":"https:\/\/transcat.net\/de\/wp-json\/wp\/v2\/media?parent=3693"}],"curies":[{"name":"wp","href":"https:\/\/api.w.org\/{rel}","templated":true}]}}