{"id":4639,"date":"2023-12-18T10:52:47","date_gmt":"2023-12-18T10:52:47","guid":{"rendered":"https:\/\/transcat.net\/qualitaets-und-lebensmittelsicherheitspolitik\/"},"modified":"2023-12-18T10:52:53","modified_gmt":"2023-12-18T10:52:53","slug":"qualitaets-und-lebensmittelsicherheitspolitik","status":"publish","type":"page","link":"https:\/\/transcat.net\/de\/qualitaets-und-lebensmittelsicherheitspolitik\/","title":{"rendered":"Qualit\u00e4ts- und Lebensmittelsicherheitspolitik"},"content":{"rendered":"\t\t<div data-elementor-type=\"wp-page\" data-elementor-id=\"4639\" class=\"elementor elementor-4639 elementor-2712\">\n\t\t\t\t\t\t<section class=\"elementor-section elementor-top-section elementor-element elementor-element-70b7e46 elementor-section-boxed elementor-section-height-default elementor-section-height-default\" data-id=\"70b7e46\" data-element_type=\"section\">\n\t\t\t\t\t\t<div class=\"elementor-container elementor-column-gap-extended\">\n\t\t\t\t\t<div class=\"elementor-column elementor-col-100 elementor-top-column elementor-element elementor-element-207a265 sc_layouts_column_icons_position_left\" data-id=\"207a265\" data-element_type=\"column\">\n\t\t\t<div class=\"elementor-widget-wrap elementor-element-populated\">\n\t\t\t\t\t\t<div class=\"elementor-element elementor-element-5a8ea3ad elementor-widget elementor-widget-text-editor\" data-id=\"5a8ea3ad\" data-element_type=\"widget\" data-widget_type=\"text-editor.default\">\n\t\t\t\t<div class=\"elementor-widget-container\">\n\t\t\t\t\t\t\t\t\t<p><strong>TRANSCAT S.L.<\/strong> ist ein f\u00fchrendes Unternehmen im Transportsektor, sowohl in seiner T\u00e4tigkeit als internationale Landtransportagentur als auch im Transport von gek\u00fchlten Lebensmitteln und Non-Food-Produkten, die es importiert und exportiert . Waren an jeden Ort in Europa, deren Ziel es ist, einen qualitativ hochwertigen Service mit vollst\u00e4ndiger Sicherheit des transportierten Produkts zu erreichen und dabei den Anforderungen der ISO 9001, ISO 14001, IFS Logistics-Standards und den Richtlinien f\u00fcr korrekte Vertriebspraktiken von Arzneimitteln f\u00fcr den menschlichen Gebrauch zu entsprechen . <\/p>\r\n<p>Die Philosophie von <strong>TRANSCAT S.L<\/strong> besteht darin, L\u00f6sungen f\u00fcr alle Kundenbed\u00fcrfnisse zu untersuchen und anzubieten, unter der Verpflichtung von Seriosit\u00e4t, Zuverl\u00e4ssigkeit und Transparenz, ohne dabei die Integration von Werten und Prinzipien im Zusammenhang mit Nachhaltigkeit au\u00dfer Acht zu lassen Wir k\u00fcmmern uns in allen Gesch\u00e4ftsprozessen um die soziale, wirtschaftliche und \u00f6kologische Entwicklung, bem\u00fchen uns um die Reduzierung der Auswirkungen auf die Umwelt und achten auf die Bed\u00fcrfnisse unserer Mitarbeiter.<\/p>\r\n<p>Die <strong>Richtlinie<\/strong> basiert auf den folgenden Aspekten und zu diesem Zweck hat sich das Management verpflichtet:<\/p>\r\n<ul>\r\n<li>Durchsetzung der von unseren Kunden geforderten Gesetze, Vorschriften und Anforderungen, auch \u00fcber das gesetzliche Minimum hinaus, das wirtschaftlich und technisch machbar ist<\/li>\r\n<\/ul>\r\n<ul>\r\n<li>Schaffen Sie die notwendigen Mittel, um den Mitarbeitern den Inhalt der Richtlinien, Programme und Ziele des Unternehmens bekannt zu machen und zu erkl\u00e4ren.<\/li>\r\n<\/ul>\r\n<ul>\r\n<li>F\u00f6rdern Sie Schulungs- und Sensibilisierungsma\u00dfnahmen f\u00fcr Arbeitnehmer, um ihre Leistung und Verantwortung innerhalb der Organisation zu verbessern und sicherzustellen, dass sie an der Erf\u00fcllung der festgelegten Ziele und Ziele beteiligt sind.<\/li>\r\n<\/ul>\r\n<ul>\r\n<li> F\u00f6rderung einer Kultur der Lebensmittelsicherheit, die unsere Mitarbeiter und Mitarbeiter einbezieht und das notwendige Wissen verbessert, um Kompetenz und Engagement f\u00fcr die Lebensmittelsicherheit zu gew\u00e4hrleisten. In allen Prozessen muss eine kontinuierliche Verbesserung vorhanden sein und die erforderlichen Korrekturma\u00dfnahmen entwickeln, um das Wiederauftauchen interner und externer Probleme zu vermeiden. <\/Li>\r\n<\/ul>\r\n<ul>\r\n<li> Betrachten Sie Managementaspekte als ein wesentlicher Bestandteil der Planungsprozesse, die regelm\u00e4\u00dfig Programme, Ziele und Ziele festlegen, die die Einhaltung der politischen Anforderungen garantieren und die Effektivit\u00e4t des Managementsystems kontinuierlich verbessern. <\/li>\r\n<\/ul>\r\n<ul>\r\n<li> W\u00e4hlen Sie Fluggesellschaften aus, die den im Unternehmen festgelegten Qualit\u00e4tsanforderungen entsprechen. <\/li>\r\n<\/ul>\r\n<ul>\r\n<li> Verantwortlich f\u00fcr die Umwelt. Reduzieren Sie die Umweltauswirkungen von Aktivit\u00e4ten und verhindern Sie die Umweltverschmutzung. <\/Li>\r\n<\/ul>\r\n<p>Die Gesch\u00e4ftsf\u00fchrung weitet diese Verpflichtung auf alle Mitarbeiter sowie auf diejenigen aus, die im Namen von <strong>TRANSCAT S.L<\/strong> handeln, damit sie die Richtlinien dieser Richtlinie einhalten, die regelm\u00e4\u00dfig \u00fcberpr\u00fcft werden, um dies sicherzustellen sind stets den Aktivit\u00e4ten der Organisation angemessen.<\/p>\r\n<p><\/p>\r\n<p>Valencia, 19. Juni 2023<\/p>\r\n<p>Manager<\/p>\t\t\t\t\t\t\t\t<\/div>\n\t\t\t\t<\/div>\n\t\t\t\t\t<\/div>\n\t\t<\/div>\n\t\t\t\t\t<\/div>\n\t\t<\/section>\n\t\t\t\t<section class=\"elementor-section elementor-top-section elementor-element elementor-element-3681d88 elementor-section-full_width elementor-section-height-default elementor-section-height-default\" data-id=\"3681d88\" data-element_type=\"section\">\n\t\t\t\t\t\t<div class=\"elementor-container elementor-column-gap-extended\">\n\t\t\t\t\t<div class=\"elementor-column elementor-col-100 elementor-top-column elementor-element elementor-element-e25acc7 sc_layouts_column_icons_position_left\" data-id=\"e25acc7\" data-element_type=\"column\">\n\t\t\t<div class=\"elementor-widget-wrap elementor-element-populated\">\n\t\t\t\t\t\t<div class=\"elementor-element elementor-element-f54c3b2 elementor-widget elementor-widget-spacer\" data-id=\"f54c3b2\" data-element_type=\"widget\" data-widget_type=\"spacer.default\">\n\t\t\t\t<div class=\"elementor-widget-container\">\n\t\t\t\t\t\t\t<div class=\"elementor-spacer\">\n\t\t\t<div class=\"elementor-spacer-inner\"><\/div>\n\t\t<\/div>\n\t\t\t\t\t\t<\/div>\n\t\t\t\t<\/div>\n\t\t\t\t\t<\/div>\n\t\t<\/div>\n\t\t\t\t\t<\/div>\n\t\t<\/section>\n\t\t\t\t<section class=\"elementor-section elementor-top-section elementor-element elementor-element-7d56410 elementor-section-full_width elementor-section-height-default elementor-section-height-default\" data-id=\"7d56410\" data-element_type=\"section\">\n\t\t\t\t\t\t<div class=\"elementor-container elementor-column-gap-extended\">\n\t\t\t\t\t<div class=\"elementor-column elementor-col-16 elementor-top-column elementor-element elementor-element-46806e6 sc_layouts_column_icons_position_left\" data-id=\"46806e6\" data-element_type=\"column\">\n\t\t\t<div class=\"elementor-widget-wrap elementor-element-populated\">\n\t\t\t\t\t\t<div class=\"elementor-element elementor-element-08671e2 elementor-widget elementor-widget-image\" data-id=\"08671e2\" data-element_type=\"widget\" data-widget_type=\"image.default\">\n\t\t\t\t<div class=\"elementor-widget-container\">\n\t\t\t\t\t\t\t\t\t\t\t\t\t\t\t<img decoding=\"async\" src=\"https:\/\/transcat.net\/wp-content\/uploads\/elementor\/thumbs\/ICONO_IFS_03-ox5bk1yrsilkk652wiufkmmx9j9kh58sqrkg2c8o3k.png\" title=\"ICONO_IFS_03\" alt=\"ICONO_IFS_03\" loading=\"lazy\" \/>\t\t\t\t\t\t\t\t\t\t\t\t\t\t\t<\/div>\n\t\t\t\t<\/div>\n\t\t\t\t\t<\/div>\n\t\t<\/div>\n\t\t\t\t<div class=\"elementor-column elementor-col-16 elementor-top-column elementor-element elementor-element-556ae3b sc_layouts_column_icons_position_left\" data-id=\"556ae3b\" data-element_type=\"column\">\n\t\t\t<div class=\"elementor-widget-wrap elementor-element-populated\">\n\t\t\t\t\t\t<div class=\"elementor-element elementor-element-608491a elementor-widget elementor-widget-image\" data-id=\"608491a\" data-element_type=\"widget\" data-widget_type=\"image.default\">\n\t\t\t\t<div class=\"elementor-widget-container\">\n\t\t\t\t\t\t\t\t\t\t\t\t\t\t\t<img decoding=\"async\" src=\"https:\/\/transcat.net\/wp-content\/uploads\/elementor\/thumbs\/ICONO_APLUS_04-ox5bk1yrsilfg0t0bi6bfuof62nino903e6zk3lxj4.png\" title=\"ICONO_APLUS_04\" alt=\"ICONO_APLUS_04\" loading=\"lazy\" \/>\t\t\t\t\t\t\t\t\t\t\t\t\t\t\t<\/div>\n\t\t\t\t<\/div>\n\t\t\t\t\t<\/div>\n\t\t<\/div>\n\t\t\t\t<div class=\"elementor-column elementor-col-16 elementor-top-column elementor-element elementor-element-45a7fbf sc_layouts_column_icons_position_left\" data-id=\"45a7fbf\" data-element_type=\"column\">\n\t\t\t<div class=\"elementor-widget-wrap elementor-element-populated\">\n\t\t\t\t\t\t<div class=\"elementor-element elementor-element-2b3af4c elementor-widget elementor-widget-image\" data-id=\"2b3af4c\" data-element_type=\"widget\" data-widget_type=\"image.default\">\n\t\t\t\t<div class=\"elementor-widget-container\">\n\t\t\t\t\t\t\t\t\t\t\t\t\t\t\t<img decoding=\"async\" src=\"https:\/\/transcat.net\/wp-content\/uploads\/elementor\/thumbs\/ICONO_SGS_01-ox5bk1yrsilkk652wiufkmmx9j9kh58sqrkg2c8o3k.png\" title=\"ICONO_SGS_01\" alt=\"ICONO_SGS_01\" loading=\"lazy\" \/>\t\t\t\t\t\t\t\t\t\t\t\t\t\t\t<\/div>\n\t\t\t\t<\/div>\n\t\t\t\t\t<\/div>\n\t\t<\/div>\n\t\t\t\t<div class=\"elementor-column elementor-col-16 elementor-top-column elementor-element elementor-element-a1b2fba sc_layouts_column_icons_position_left\" data-id=\"a1b2fba\" data-element_type=\"column\">\n\t\t\t<div class=\"elementor-widget-wrap elementor-element-populated\">\n\t\t\t\t\t\t<div class=\"elementor-element elementor-element-b241a52 elementor-widget elementor-widget-image\" data-id=\"b241a52\" data-element_type=\"widget\" data-widget_type=\"image.default\">\n\t\t\t\t<div class=\"elementor-widget-container\">\n\t\t\t\t\t\t\t\t\t\t\t\t\t\t\t<img decoding=\"async\" src=\"https:\/\/transcat.net\/wp-content\/uploads\/elementor\/thumbs\/ICONO_QS-ox5bk1yrsilfg0t0bi6bfuof62nino903e6zk3lxj4.png\" title=\"ICONO_QS\" alt=\"ICONO_QS\" loading=\"lazy\" \/>\t\t\t\t\t\t\t\t\t\t\t\t\t\t\t<\/div>\n\t\t\t\t<\/div>\n\t\t\t\t\t<\/div>\n\t\t<\/div>\n\t\t\t\t<div class=\"elementor-column elementor-col-16 elementor-top-column elementor-element elementor-element-5d3af36 sc_layouts_column_icons_position_left\" data-id=\"5d3af36\" data-element_type=\"column\">\n\t\t\t<div class=\"elementor-widget-wrap elementor-element-populated\">\n\t\t\t\t\t\t<div class=\"elementor-element elementor-element-44bd96a elementor-widget elementor-widget-image\" data-id=\"44bd96a\" data-element_type=\"widget\" data-widget_type=\"image.default\">\n\t\t\t\t<div class=\"elementor-widget-container\">\n\t\t\t\t\t\t\t\t\t\t\t\t\t\t\t<img decoding=\"async\" width=\"100\" height=\"100\" src=\"https:\/\/transcat.net\/wp-content\/uploads\/2020\/05\/ICONO_Top.gif\" class=\"attachment-large size-large wp-image-3645\" alt=\"\" srcset=\"https:\/\/transcat.net\/wp-content\/uploads\/2020\/05\/ICONO_Top.gif 100w, https:\/\/transcat.net\/wp-content\/uploads\/2020\/05\/ICONO_Top-90x90.gif 90w\" sizes=\"(max-width: 100px) 100vw, 100px\" \/>\t\t\t\t\t\t\t\t\t\t\t\t\t\t\t<\/div>\n\t\t\t\t<\/div>\n\t\t\t\t\t<\/div>\n\t\t<\/div>\n\t\t\t\t<div class=\"elementor-column elementor-col-16 elementor-top-column elementor-element elementor-element-9d2d3e4 sc_layouts_column_icons_position_left\" data-id=\"9d2d3e4\" data-element_type=\"column\">\n\t\t\t<div class=\"elementor-widget-wrap\">\n\t\t\t\t\t\t\t<\/div>\n\t\t<\/div>\n\t\t\t\t\t<\/div>\n\t\t<\/section>\n\t\t\t\t<\/div>\n\t\t","protected":false},"excerpt":{"rendered":"<p>TRANSCAT S.L. ist ein f\u00fchrendes Unternehmen im Transportsektor, sowohl in seiner T\u00e4tigkeit als internationale Landtransportagentur als auch im Transport von gek\u00fchlten Lebensmitteln und Non-Food-Produkten, die es importiert und exportiert . Waren an jeden Ort in Europa, deren Ziel&hellip;<\/p>\n","protected":false},"author":1,"featured_media":0,"parent":0,"menu_order":0,"comment_status":"closed","ping_status":"closed","template":"","meta":{"footnotes":""},"class_list":["post-4639","page","type-page","status-publish","hentry"],"yoast_head":"<!-- This site is optimized with the Yoast SEO plugin v26.1.1 - https:\/\/yoast.com\/wordpress\/plugins\/seo\/ -->\n<title>Qualit\u00e4ts- und Lebensmittelsicherheitspolitik - Transcat - Agencia de Transportes<\/title>\n<meta name=\"robots\" content=\"index, follow, max-snippet:-1, max-image-preview:large, max-video-preview:-1\" \/>\n<link rel=\"canonical\" href=\"https:\/\/transcat.net\/politica-de-calidad-y-seguridad-alimentaria\/\" \/>\n<meta property=\"og:locale\" content=\"de_DE\" \/>\n<meta property=\"og:type\" content=\"article\" \/>\n<meta property=\"og:title\" content=\"Qualit\u00e4ts- und Lebensmittelsicherheitspolitik - Transcat - Agencia de Transportes\" \/>\n<meta property=\"og:description\" content=\"TRANSCAT S.L. ist ein f\u00fchrendes Unternehmen im Transportsektor, sowohl in seiner T\u00e4tigkeit als internationale Landtransportagentur als auch im Transport von gek\u00fchlten Lebensmitteln und Non-Food-Produkten, die es importiert und exportiert . Waren an jeden Ort in Europa, deren Ziel&hellip;\" \/>\n<meta property=\"og:url\" content=\"https:\/\/transcat.net\/politica-de-calidad-y-seguridad-alimentaria\/\" \/>\n<meta property=\"og:site_name\" content=\"Transcat - Agencia de Transportes\" \/>\n<meta property=\"article:publisher\" content=\"https:\/\/www.facebook.com\/profile.php?id=61556048072021\" \/>\n<meta property=\"article:modified_time\" content=\"2023-12-18T10:52:53+00:00\" \/>\n<meta property=\"og:image\" content=\"https:\/\/transcat.net\/wp-content\/uploads\/elementor\/thumbs\/ICONO_IFS_03-ox5bk1yrsilkk652wiufkmmx9j9kh58sqrkg2c8o3k.png\" \/>\n<meta name=\"twitter:card\" content=\"summary_large_image\" \/>\n<meta name=\"twitter:label1\" content=\"Gesch\u00e4tzte Lesezeit\" \/>\n\t<meta name=\"twitter:data1\" content=\"2\u00a0Minuten\" \/>\n<script type=\"application\/ld+json\" class=\"yoast-schema-graph\">{\"@context\":\"https:\/\/schema.org\",\"@graph\":[{\"@type\":\"WebPage\",\"@id\":\"https:\/\/transcat.net\/politica-de-calidad-y-seguridad-alimentaria\/\",\"url\":\"https:\/\/transcat.net\/politica-de-calidad-y-seguridad-alimentaria\/\",\"name\":\"Qualit\u00e4ts- und Lebensmittelsicherheitspolitik - Transcat - Agencia de Transportes\",\"isPartOf\":{\"@id\":\"https:\/\/transcat.net\/#website\"},\"primaryImageOfPage\":{\"@id\":\"https:\/\/transcat.net\/politica-de-calidad-y-seguridad-alimentaria\/#primaryimage\"},\"image\":{\"@id\":\"https:\/\/transcat.net\/politica-de-calidad-y-seguridad-alimentaria\/#primaryimage\"},\"thumbnailUrl\":\"https:\/\/transcat.net\/wp-content\/uploads\/elementor\/thumbs\/ICONO_IFS_03-ox5bk1yrsilkk652wiufkmmx9j9kh58sqrkg2c8o3k.png\",\"datePublished\":\"2023-12-18T10:52:47+00:00\",\"dateModified\":\"2023-12-18T10:52:53+00:00\",\"breadcrumb\":{\"@id\":\"https:\/\/transcat.net\/politica-de-calidad-y-seguridad-alimentaria\/#breadcrumb\"},\"inLanguage\":\"de\",\"potentialAction\":[{\"@type\":\"ReadAction\",\"target\":[\"https:\/\/transcat.net\/politica-de-calidad-y-seguridad-alimentaria\/\"]}]},{\"@type\":\"ImageObject\",\"inLanguage\":\"de\",\"@id\":\"https:\/\/transcat.net\/politica-de-calidad-y-seguridad-alimentaria\/#primaryimage\",\"url\":\"https:\/\/transcat.net\/wp-content\/uploads\/elementor\/thumbs\/ICONO_IFS_03-ox5bk1yrsilkk652wiufkmmx9j9kh58sqrkg2c8o3k.png\",\"contentUrl\":\"https:\/\/transcat.net\/wp-content\/uploads\/elementor\/thumbs\/ICONO_IFS_03-ox5bk1yrsilkk652wiufkmmx9j9kh58sqrkg2c8o3k.png\"},{\"@type\":\"BreadcrumbList\",\"@id\":\"https:\/\/transcat.net\/politica-de-calidad-y-seguridad-alimentaria\/#breadcrumb\",\"itemListElement\":[{\"@type\":\"ListItem\",\"position\":1,\"name\":\"Home\",\"item\":\"https:\/\/transcat.net\/de\/\"},{\"@type\":\"ListItem\",\"position\":2,\"name\":\"Qualit\u00e4ts- und Lebensmittelsicherheitspolitik\"}]},{\"@type\":\"WebSite\",\"@id\":\"https:\/\/transcat.net\/#website\",\"url\":\"https:\/\/transcat.net\/\",\"name\":\"Transcat - Empresa de Transporte en Valencia\",\"description\":\"L\u00edder en Transporte Internacional\",\"publisher\":{\"@id\":\"https:\/\/transcat.net\/#organization\"},\"alternateName\":\"Transcat\",\"potentialAction\":[{\"@type\":\"SearchAction\",\"target\":{\"@type\":\"EntryPoint\",\"urlTemplate\":\"https:\/\/transcat.net\/?s={search_term_string}\"},\"query-input\":{\"@type\":\"PropertyValueSpecification\",\"valueRequired\":true,\"valueName\":\"search_term_string\"}}],\"inLanguage\":\"de\"},{\"@type\":\"Organization\",\"@id\":\"https:\/\/transcat.net\/#organization\",\"name\":\"Transcat\",\"url\":\"https:\/\/transcat.net\/\",\"logo\":{\"@type\":\"ImageObject\",\"inLanguage\":\"de\",\"@id\":\"https:\/\/transcat.net\/#\/schema\/logo\/image\/\",\"url\":\"https:\/\/transcat.net\/wp-content\/uploads\/2020\/04\/logo_Transcat_02.png\",\"contentUrl\":\"https:\/\/transcat.net\/wp-content\/uploads\/2020\/04\/logo_Transcat_02.png\",\"width\":512,\"height\":512,\"caption\":\"Transcat\"},\"image\":{\"@id\":\"https:\/\/transcat.net\/#\/schema\/logo\/image\/\"},\"sameAs\":[\"https:\/\/www.facebook.com\/profile.php?id=61556048072021\"]}]}<\/script>\n<!-- \/ Yoast SEO plugin. -->","yoast_head_json":{"title":"Qualit\u00e4ts- und Lebensmittelsicherheitspolitik - Transcat - Agencia de Transportes","robots":{"index":"index","follow":"follow","max-snippet":"max-snippet:-1","max-image-preview":"max-image-preview:large","max-video-preview":"max-video-preview:-1"},"canonical":"https:\/\/transcat.net\/politica-de-calidad-y-seguridad-alimentaria\/","og_locale":"de_DE","og_type":"article","og_title":"Qualit\u00e4ts- und Lebensmittelsicherheitspolitik - Transcat - Agencia de Transportes","og_description":"TRANSCAT S.L. ist ein f\u00fchrendes Unternehmen im Transportsektor, sowohl in seiner T\u00e4tigkeit als internationale Landtransportagentur als auch im Transport von gek\u00fchlten Lebensmitteln und Non-Food-Produkten, die es importiert und exportiert . Waren an jeden Ort in Europa, deren Ziel&hellip;","og_url":"https:\/\/transcat.net\/politica-de-calidad-y-seguridad-alimentaria\/","og_site_name":"Transcat - Agencia de Transportes","article_publisher":"https:\/\/www.facebook.com\/profile.php?id=61556048072021","article_modified_time":"2023-12-18T10:52:53+00:00","og_image":[{"url":"https:\/\/transcat.net\/wp-content\/uploads\/elementor\/thumbs\/ICONO_IFS_03-ox5bk1yrsilkk652wiufkmmx9j9kh58sqrkg2c8o3k.png","type":"","width":"","height":""}],"twitter_card":"summary_large_image","twitter_misc":{"Gesch\u00e4tzte Lesezeit":"2\u00a0Minuten"},"schema":{"@context":"https:\/\/schema.org","@graph":[{"@type":"WebPage","@id":"https:\/\/transcat.net\/politica-de-calidad-y-seguridad-alimentaria\/","url":"https:\/\/transcat.net\/politica-de-calidad-y-seguridad-alimentaria\/","name":"Qualit\u00e4ts- und Lebensmittelsicherheitspolitik - Transcat - Agencia de Transportes","isPartOf":{"@id":"https:\/\/transcat.net\/#website"},"primaryImageOfPage":{"@id":"https:\/\/transcat.net\/politica-de-calidad-y-seguridad-alimentaria\/#primaryimage"},"image":{"@id":"https:\/\/transcat.net\/politica-de-calidad-y-seguridad-alimentaria\/#primaryimage"},"thumbnailUrl":"https:\/\/transcat.net\/wp-content\/uploads\/elementor\/thumbs\/ICONO_IFS_03-ox5bk1yrsilkk652wiufkmmx9j9kh58sqrkg2c8o3k.png","datePublished":"2023-12-18T10:52:47+00:00","dateModified":"2023-12-18T10:52:53+00:00","breadcrumb":{"@id":"https:\/\/transcat.net\/politica-de-calidad-y-seguridad-alimentaria\/#breadcrumb"},"inLanguage":"de","potentialAction":[{"@type":"ReadAction","target":["https:\/\/transcat.net\/politica-de-calidad-y-seguridad-alimentaria\/"]}]},{"@type":"ImageObject","inLanguage":"de","@id":"https:\/\/transcat.net\/politica-de-calidad-y-seguridad-alimentaria\/#primaryimage","url":"https:\/\/transcat.net\/wp-content\/uploads\/elementor\/thumbs\/ICONO_IFS_03-ox5bk1yrsilkk652wiufkmmx9j9kh58sqrkg2c8o3k.png","contentUrl":"https:\/\/transcat.net\/wp-content\/uploads\/elementor\/thumbs\/ICONO_IFS_03-ox5bk1yrsilkk652wiufkmmx9j9kh58sqrkg2c8o3k.png"},{"@type":"BreadcrumbList","@id":"https:\/\/transcat.net\/politica-de-calidad-y-seguridad-alimentaria\/#breadcrumb","itemListElement":[{"@type":"ListItem","position":1,"name":"Home","item":"https:\/\/transcat.net\/de\/"},{"@type":"ListItem","position":2,"name":"Qualit\u00e4ts- und Lebensmittelsicherheitspolitik"}]},{"@type":"WebSite","@id":"https:\/\/transcat.net\/#website","url":"https:\/\/transcat.net\/","name":"Transcat - Empresa de Transporte en Valencia","description":"L\u00edder en Transporte Internacional","publisher":{"@id":"https:\/\/transcat.net\/#organization"},"alternateName":"Transcat","potentialAction":[{"@type":"SearchAction","target":{"@type":"EntryPoint","urlTemplate":"https:\/\/transcat.net\/?s={search_term_string}"},"query-input":{"@type":"PropertyValueSpecification","valueRequired":true,"valueName":"search_term_string"}}],"inLanguage":"de"},{"@type":"Organization","@id":"https:\/\/transcat.net\/#organization","name":"Transcat","url":"https:\/\/transcat.net\/","logo":{"@type":"ImageObject","inLanguage":"de","@id":"https:\/\/transcat.net\/#\/schema\/logo\/image\/","url":"https:\/\/transcat.net\/wp-content\/uploads\/2020\/04\/logo_Transcat_02.png","contentUrl":"https:\/\/transcat.net\/wp-content\/uploads\/2020\/04\/logo_Transcat_02.png","width":512,"height":512,"caption":"Transcat"},"image":{"@id":"https:\/\/transcat.net\/#\/schema\/logo\/image\/"},"sameAs":["https:\/\/www.facebook.com\/profile.php?id=61556048072021"]}]}},"_links":{"self":[{"href":"https:\/\/transcat.net\/de\/wp-json\/wp\/v2\/pages\/4639","targetHints":{"allow":["GET"]}}],"collection":[{"href":"https:\/\/transcat.net\/de\/wp-json\/wp\/v2\/pages"}],"about":[{"href":"https:\/\/transcat.net\/de\/wp-json\/wp\/v2\/types\/page"}],"author":[{"embeddable":true,"href":"https:\/\/transcat.net\/de\/wp-json\/wp\/v2\/users\/1"}],"replies":[{"embeddable":true,"href":"https:\/\/transcat.net\/de\/wp-json\/wp\/v2\/comments?post=4639"}],"version-history":[{"count":1,"href":"https:\/\/transcat.net\/de\/wp-json\/wp\/v2\/pages\/4639\/revisions"}],"predecessor-version":[{"id":4640,"href":"https:\/\/transcat.net\/de\/wp-json\/wp\/v2\/pages\/4639\/revisions\/4640"}],"wp:attachment":[{"href":"https:\/\/transcat.net\/de\/wp-json\/wp\/v2\/media?parent=4639"}],"curies":[{"name":"wp","href":"https:\/\/api.w.org\/{rel}","templated":true}]}}