{"id":4641,"date":"2023-12-18T10:57:24","date_gmt":"2023-12-18T10:57:24","guid":{"rendered":"https:\/\/transcat.net\/cookie-richtlinie\/"},"modified":"2023-12-18T10:57:25","modified_gmt":"2023-12-18T10:57:25","slug":"cookie-richtlinie","status":"publish","type":"page","link":"https:\/\/transcat.net\/de\/cookie-richtlinie\/","title":{"rendered":"Cookie-Richtlinie"},"content":{"rendered":"\t\t<div data-elementor-type=\"wp-page\" data-elementor-id=\"4641\" class=\"elementor elementor-4641 elementor-4206\">\n\t\t\t\t\t\t<section class=\"elementor-section elementor-top-section elementor-element elementor-element-6069618 elementor-section-boxed elementor-section-height-default elementor-section-height-default\" data-id=\"6069618\" data-element_type=\"section\">\n\t\t\t\t\t\t<div class=\"elementor-container elementor-column-gap-extended\">\n\t\t\t\t\t<div class=\"elementor-column elementor-col-100 elementor-top-column elementor-element elementor-element-29981be sc_layouts_column_icons_position_left\" data-id=\"29981be\" data-element_type=\"column\">\n\t\t\t<div class=\"elementor-widget-wrap elementor-element-populated\">\n\t\t\t\t\t\t<div class=\"elementor-element elementor-element-8c775ca elementor-widget elementor-widget-spacer\" data-id=\"8c775ca\" data-element_type=\"widget\" data-widget_type=\"spacer.default\">\n\t\t\t\t<div class=\"elementor-widget-container\">\n\t\t\t\t\t\t\t<div class=\"elementor-spacer\">\n\t\t\t<div class=\"elementor-spacer-inner\"><\/div>\n\t\t<\/div>\n\t\t\t\t\t\t<\/div>\n\t\t\t\t<\/div>\n\t\t\t\t\t<\/div>\n\t\t<\/div>\n\t\t\t\t\t<\/div>\n\t\t<\/section>\n\t\t\t\t<section class=\"elementor-section elementor-top-section elementor-element elementor-element-4562ccc elementor-section-boxed elementor-section-height-default elementor-section-height-default\" data-id=\"4562ccc\" data-element_type=\"section\">\n\t\t\t\t\t\t<div class=\"elementor-container elementor-column-gap-extended\">\n\t\t\t\t\t<div class=\"elementor-column elementor-col-100 elementor-top-column elementor-element elementor-element-3ce98ae0 sc_layouts_column_icons_position_left\" data-id=\"3ce98ae0\" data-element_type=\"column\">\n\t\t\t<div class=\"elementor-widget-wrap elementor-element-populated\">\n\t\t\t\t\t\t<div class=\"elementor-element elementor-element-779fdb17 elementor-widget elementor-widget-text-editor\" data-id=\"779fdb17\" data-element_type=\"widget\" data-widget_type=\"text-editor.default\">\n\t\t\t\t<div class=\"elementor-widget-container\">\n\t\t\t\t\t\t\t\t\t<p><strong>WAS SIND COOKIES?<\/strong><\/p>\n<p>Cookies sind kleine Dateien, die auf der Festplatte oder im Browser des Computers, Tablets, Smartphones oder gleichwertigen Ger\u00e4ts mit Internet-Navigationsfunktionen installiert werden und unter anderem dabei helfen, die Dienste des Website-Betreibers zu personalisieren, die Navigation und Benutzerfreundlichkeit zu erleichtern, Erhalten Sie aggregierte Informationen von Website-Besuchern, erm\u00f6glichen Sie die Reproduktion und Anzeige von Multimedia-Inhalten auf der Website selbst, erm\u00f6glichen Sie Elemente der Interaktion zwischen dem Benutzer und der Website selbst, aktivieren Sie Sicherheitstools usw.<br \/>\n<strong>IN DIESER COOKIE-RICHTLINIE VERWENDETE DEFINITIONEN<\/strong><\/p>\n<ul>\n<li>Daten: Hierbei handelt es sich um Informationen, die \u00fcber das Endger\u00e4t des Benutzers \u00fcber das Datenspeicher- und Wiederherstellungsger\u00e4t (Cookies oder andere) abgerufen werden. Die Daten sind personenbezogen, wenn es sich um Informationen \u00fcber identifizierte oder identifizierbare nat\u00fcrliche Personen im Sinne von Artikel 4 der DSGVO handelt<\/li>\n<li>Aggregierte Informationen: nicht nominale Informationen, typischerweise numerisch und zum Zweck der Bereitstellung statistischer Informationen<\/li>\n<li>Endger\u00e4t: Es handelt sich um das Ger\u00e4t, von dem aus der Benutzer auf den Dienst zugreift, z. B. einen PC, ein Mobiltelefon, ein Tablet usw., und von dem die Informationen abgerufen werden<\/li>\n<li>Herausgeber: Verantwortlicher oder Eigent\u00fcmer der Website<\/li>\n<li>Dritter: externes Unternehmen, Mitarbeiter, Dienstleister oder mit dem Herausgeber verbundener Anbieter, der an der Verwaltung einiger Cookies beteiligt ist<\/li>\n<li>Verantwortlicher f\u00fcr das Cookie: der Herausgeber, der Verantwortliche, der Eigent\u00fcmer der Website oder in manchen F\u00e4llen sogar der Dritte<\/li>\n<li>Surfgewohnheiten: Trends, die der Benutzer beim Surfen auf einer Webseite anzeigt, wie zum Beispiel die Zeit, die er mit dem Besuch der Seite verbracht hat, besuchte Abschnitte, h\u00e4ufigste Abschnitte, Ursprung des Besuchs, Ziel des Besuchs usw. . <\/li>\n<\/ul>\n<p><strong>Welche Art von Cookies gibt es?<\/strong><\/p>\n<p>Nach Angaben des Unternehmens, das es verwaltet:<\/p>\n<p><u>Eigene Cookies<\/u>: Hierbei handelt es sich um Cookies, die von einem Computer oder einer Dom\u00e4ne, die vom Herausgeber selbst verwaltet wird und von dem aus der vom Benutzer angeforderte Dienst bereitgestellt wird, an das Endger\u00e4t des Benutzers gesendet werden.<\/p>\n<p><u>Cookies von Drittanbietern<\/u>: Hierbei handelt es sich um Cookies, die von einem Computer oder einer Dom\u00e4ne an das Endger\u00e4t des Benutzers gesendet werden, die nicht vom Herausgeber verwaltet wird, sondern von einer anderen Stelle, die die durch Cookies erhaltenen Daten verarbeitet.<\/p>\n<p>Abh\u00e4ngig von der Dauer, die sie auf dem Endger\u00e4t aktiviert bleiben:<\/p>\n<p><u>Sitzungscookies<\/u>: Dabei handelt es sich um solche, die dazu dienen, Daten zu sammeln und zu speichern, w\u00e4hrend der Benutzer auf eine Webseite zugreift. Sie werden in der Regel zum Speichern von Informationen verwendet, deren Aufbewahrung nur f\u00fcr die Erbringung der vom Benutzer einmalig angeforderten Dienstleistung von Interesse ist (z. B. eine Liste der gekauften Produkte) und verschwinden, wenn die Sitzung endet.<\/p>\n<p><u>Persistente Cookies<\/u>: Dabei handelt es sich um solche, bei denen die Daten weiterhin im Endger\u00e4t gespeichert bleiben und f\u00fcr einen vom Cookie-Verantwortlichen festgelegten Zeitraum, der zwischen einigen Minuten und einigen Minuten liegen kann, abgerufen und verarbeitet werden k\u00f6nnen mehrere Jahre.<br \/>\nAbh\u00e4ngig vom Zweck, zu dem die durch Cookies gewonnenen Daten verarbeitet werden:<\/p>\n<p><u>Technische Cookies<\/u>: Dabei handelt es sich um solche, die es dem Benutzer erm\u00f6glichen, durch eine Webseite, Plattform oder Anwendung zu navigieren und die verschiedenen darin vorhandenen Optionen oder Dienste zu nutzen, einschlie\u00dflich derjenigen, die der Herausgeber f\u00fcr die Verwaltung und den Betrieb verwendet der Website und die Erm\u00f6glichung ihrer Funktionen und Dienste, wie zum Beispiel die Steuerung des Datenverkehrs und der Datenkommunikation, die Identifizierung der Sitzung, den Zugriff auf Teile mit eingeschr\u00e4nktem Zugriff, die Erinnerung an die Elemente, aus denen eine Bestellung besteht, die Durchf\u00fchrung des Kaufvorgangs und die Verwaltung der Zahlung , Betrug im Zusammenhang mit der Sicherheit des Dienstes kontrollieren, einen Antrag auf Registrierung oder Teilnahme an einer Veranstaltung stellen, Besuche z\u00e4hlen, um Lizenzen f\u00fcr die Software abzurechnen, mit der der Dienst funktioniert (Website, Plattform oder Anwendung), Sicherheitselemente verwenden Speichern Sie w\u00e4hrend der Navigation Inhalte zur Verbreitung von Videos oder Ton, erm\u00f6glichen Sie dynamische Inhalte (z. B. Animationen beim Laden eines Textes oder Bildes) oder teilen Sie Inhalte \u00fcber soziale Netzwerke. Zu dieser Kategorie geh\u00f6ren aufgrund ihrer technischen Natur auch diejenigen Cookies, die eine m\u00f6glichst effiziente Verwaltung der Werbefl\u00e4chen erm\u00f6glichen, die als weiteres Designelement oder \u201eLayout\u201c des dem Benutzer angebotenen Dienstes Der Herausgeber hat in eine Webseite, Anwendung oder Plattform auf der Grundlage von Kriterien wie dem bearbeiteten Inhalt eingef\u00fcgt, ohne Informationen von Benutzern f\u00fcr andere Zwecke zu sammeln, wie z. B. die Personalisierung dieses Werbeinhalts oder anderer Inhalte.<\/p>\n<p><u>Pr\u00e4ferenz- oder Personalisierungs-Cookies<\/u>: Dabei handelt es sich um solche, die es dem Benutzer erm\u00f6glichen, sich Informationen zu merken, sodass der Benutzer mit bestimmten Merkmalen auf den Dienst zugreifen kann, die seine Erfahrung von der anderer Benutzer unterscheiden k\u00f6nnen, wie zum Beispiel: Sprache, Telefonnummer. Die Ergebnisse, die angezeigt werden sollen, wenn der Benutzer eine Suche durchf\u00fchrt, das Erscheinungsbild oder der Inhalt des Dienstes, abh\u00e4ngig von der Art des Browsers, \u00fcber den der Benutzer auf den Dienst zugreift, oder der Region, von der aus der Benutzer auf den Dienst zugreift usw.<br \/>\n<u>Analyse- oder Mess-Cookies<\/u>: Hierbei handelt es sich um Cookies, die es dem Verantwortlichen erm\u00f6glichen, das Verhalten der Nutzer der Websites, mit denen sie verlinkt sind, zu \u00fcberwachen und zu analysieren, einschlie\u00dflich der Quantifizierung der Auswirkungen der Werbung. . Die durch diese Art von Cookies gesammelten Informationen werden verwendet, um die Aktivit\u00e4t der Websites, Anwendungen oder Plattformen zu messen, um auf der Grundlage der Analyse der Nutzungsdaten der Nutzer des Dienstes Verbesserungen einzuf\u00fchren.<\/p>\n<p><u>Werbe-Cookies<\/u>: Hierbei handelt es sich um Cookies, die eine m\u00f6glichst effiziente Verwaltung der Werbefl\u00e4chen erm\u00f6glichen, die der Herausgeber gegebenenfalls in eine Webseite, Anwendung oder Plattform eingef\u00fcgt hat, von der aus er sie bereitstellt der angeforderte Dienst anhand von Kriterien wie dem bearbeiteten Inhalt oder der H\u00e4ufigkeit, mit der die Werbung angezeigt wird.<\/p>\n<p><u>Behaviorale Werbe-Cookies<\/u>: Hierbei handelt es sich um Cookies, die eine m\u00f6glichst effiziente Verwaltung der Werbefl\u00e4chen erm\u00f6glichen, die der Herausgeber gegebenenfalls in eine Webseite, Anwendung oder Plattform eingef\u00fcgt hat stellt die gew\u00fcnschte Dienstleistung bereit. Diese Cookies speichern Informationen \u00fcber das Nutzerverhalten, die durch kontinuierliche Beobachtung ihrer Surfgewohnheiten gewonnen werden, was die Entwicklung eines spezifischen Profils erm\u00f6glicht, um darauf basierende Werbung anzuzeigen.<\/p>\n<p><strong><\/strong><br \/>\n<strong>Welche Cookies verwenden wir konkret?<\/strong><\/p>\n<table style=\"width: 100%;\">\n<tbody>\n<tr>\n<td width=\"71\">Cookie-Name<\/td>\n<td width=\"126\">Eigene \/<\/p>\n<p>Von Dritten*<\/p>\n<p>*(einschlie\u00dflich URL zur Cookie-Richtlinie)<\/td>\n<td width=\"92\">Art der Cookies<\/td>\n<td width=\"119\">Zweck<\/td>\n<td width=\"97\">Permanenz<\/td>\n<td width=\"62\">Daten\u00fcbertragung au\u00dferhalb der Europ\u00e4ischen Union<\/td>\n<\/tr>\n<tr>\n<td width=\"71\">(z. B.) _utma<\/td>\n<td width=\"126\">(z. B.) Dritte (<a href=\"https:\/\/policies.google.com\/technologies\/cookies?hl=es\">Google Analytics<\/a>)<\/td>\n<td width=\"92\">(z. B.) Analyse oder Messung<\/td>\n<td width=\"119\">(z. B.) Dieses Cookie zeichnet auf, wie oft ein Benutzer eine Website besucht hat, wann sein erster Besuch erfolgte und wann sein letzter Besuch stattgefunden hat<\/td>\n<td width=\"97\">(Beispiel) Es handelt sich um ein Cookie mit einer Laufzeit von 2 Jahren<\/td>\n<td width=\"62\">(z. B.) Ja, Google LCC<\/td>\n<\/tr>\n<tr>\n<td width=\"71\"><\/td>\n<td width=\"126\"><\/td>\n<td width=\"92\"><\/td>\n<td width=\"119\"><\/td>\n<td width=\"97\"><\/td>\n<td width=\"62\"><\/td>\n<\/tr>\n<\/tbody>\n<\/table>\n<p>Durch diese Cookies:<\/p>\n<p>Es werden keine Profile der Nutzer erstellt, die auf der Website surfen, und es werden daher auch keine automatisierten Entscheidungen auf Grundlage dieser Daten getroffen.<\/p>\n<p><span style=\"font-size: 16px;\">\u00dcber \u00dcbermittlungen in Drittl\u00e4nder, die ggf. von den in dieser Cookie-Richtlinie genannten Dritten durchgef\u00fchrt werden, sowie \u00fcber die damit verbundenen Risiken k\u00f6nnen Sie sich hier informieren in \u00dcbereinstimmung mit ihren eigenen Richtlinien au\u00dferhalb dieser Website und greifen auf die entsprechenden Cookie-Richtlinien zu, die in jedem <\/span><strong style=\"font-size: 16px;\">Fall in der Tabelle oben angegeben sind.<\/strong><\/p>\n<p><strong>WIE KANN MAN COOKIES DEAKTIVIEREN?<\/strong><\/p>\n<p>Das Blockieren oder Deaktivieren aller Cookies tr\u00e4gt zum Schutz der Privatsph\u00e4re bei, kann jedoch auch das Erlebnis auf einigen Websites einschr\u00e4nken sowie die Funktionalit\u00e4t einschr\u00e4nken oder sogar die korrekte Navigation oder Nutzung einiger ihrer Dienste nicht erm\u00f6glichen.<\/p>\n<p>Sie k\u00f6nnen die oben beschriebenen Cookies (mit Ausnahme der technischen Cookies, die f\u00fcr das ordnungsgem\u00e4\u00dfe Funktionieren erforderlich sind) \u00fcber den Konfigurator aktivieren oder deaktivieren, der beim Zugriff auf unsere Hauptseite in der Cookie-Verwendungsmitteilung erscheint. Beachten Sie, dass Sie, wenn Sie Cookies von Drittanbietern akzeptieren, diese aus den Browseroptionen oder aus dem vom Drittanbieter selbst angebotenen System l\u00f6schen m\u00fcssen.<\/p>\n<p>Wenn Sie wissen m\u00f6chten, wie Sie Cookies in den g\u00e4ngigsten Webbrowsern deaktivieren, lesen Sie auch die folgenden Tutorials:<\/p>\n<ul>\n<li><a href=\"http:\/\/support.google.com\/chrome\/answer\/95647?hl=en\"><em>Google Chrome<\/em><\/a><\/li>\n<li><a href=\"http:\/\/support.mozilla.org\/es\/kb\/habilitar-y-deshabilitar-cookies-que-los-sitios-we\"><em>Mozilla Firefox<\/em><\/ a><\/li>\n<li><a href=\"http:\/\/windows.microsoft.com\/es-es\/windows-vista\/block-or-allow-cookies\"><em>Internet Explorer<\/em><\/a><\/ li>\n<li><a href=\"http:\/\/support.apple.com\/es-es\/HT1677\"><em>Safari<\/em><\/a><\/li>\n<li><a href=\"http:\/\/support.google.com\/chrome\/answer\/2392971?hl=en\"><em>Chrome f\u00fcr Android<\/em><\/a><\/li>\n<li><a href=\"http:\/\/help.opera.com\/Windows\/11.50\/es-ES\/cookies.html\"><em>Opera<\/em><\/a><\/li>\n<\/ul>\n<p>Wenn Sie Fragen oder Bedenken zu dieser Cookie-Richtlinie haben, k\u00f6nnen Sie uns \u00fcber die Kontaktmethoden auf unserer Website kontaktieren.<\/p>\n<p>Wenn Sie umfassende und konkrete Informationen zum Schutz personenbezogener Daten w\u00fcnschen, verweisen wir Sie auf unsere Datenschutzerkl\u00e4rung<\/p>\n\t\t\t\t\t\t\t\t<\/div>\n\t\t\t\t<\/div>\n\t\t\t\t\t<\/div>\n\t\t<\/div>\n\t\t\t\t\t<\/div>\n\t\t<\/section>\n\t\t\t\t<section class=\"elementor-section elementor-top-section elementor-element elementor-element-cf45ca5 elementor-section-boxed elementor-section-height-default elementor-section-height-default\" data-id=\"cf45ca5\" data-element_type=\"section\">\n\t\t\t\t\t\t<div class=\"elementor-container elementor-column-gap-extended\">\n\t\t\t\t\t<div class=\"elementor-column elementor-col-100 elementor-top-column elementor-element elementor-element-8194c25 sc_layouts_column_icons_position_left\" data-id=\"8194c25\" data-element_type=\"column\">\n\t\t\t<div class=\"elementor-widget-wrap elementor-element-populated\">\n\t\t\t\t\t\t<div class=\"elementor-element elementor-element-8b401b0 elementor-widget elementor-widget-spacer\" data-id=\"8b401b0\" data-element_type=\"widget\" data-widget_type=\"spacer.default\">\n\t\t\t\t<div class=\"elementor-widget-container\">\n\t\t\t\t\t\t\t<div class=\"elementor-spacer\">\n\t\t\t<div class=\"elementor-spacer-inner\"><\/div>\n\t\t<\/div>\n\t\t\t\t\t\t<\/div>\n\t\t\t\t<\/div>\n\t\t\t\t\t<\/div>\n\t\t<\/div>\n\t\t\t\t\t<\/div>\n\t\t<\/section>\n\t\t\t\t<\/div>\n\t\t","protected":false},"excerpt":{"rendered":"<p>WAS SIND COOKIES? Cookies sind kleine Dateien, die auf der Festplatte oder im Browser des Computers, Tablets, Smartphones oder gleichwertigen Ger\u00e4ts mit Internet-Navigationsfunktionen installiert werden und unter anderem dabei helfen, die Dienste des Website-Betreibers zu personalisieren, die Navigation&hellip;<\/p>\n","protected":false},"author":1,"featured_media":0,"parent":0,"menu_order":0,"comment_status":"closed","ping_status":"closed","template":"","meta":{"footnotes":""},"class_list":["post-4641","page","type-page","status-publish","hentry"],"yoast_head":"<!-- This site is optimized with the Yoast SEO plugin v26.1.1 - https:\/\/yoast.com\/wordpress\/plugins\/seo\/ -->\n<title>Cookie-Richtlinie - Transcat - Agencia de Transportes<\/title>\n<meta name=\"robots\" content=\"index, follow, max-snippet:-1, max-image-preview:large, max-video-preview:-1\" \/>\n<link rel=\"canonical\" href=\"https:\/\/transcat.net\/politica-de-cookies\/\" \/>\n<meta property=\"og:locale\" content=\"de_DE\" \/>\n<meta property=\"og:type\" content=\"article\" \/>\n<meta property=\"og:title\" content=\"Cookie-Richtlinie - Transcat - Agencia de Transportes\" \/>\n<meta property=\"og:description\" content=\"WAS SIND COOKIES? Cookies sind kleine Dateien, die auf der Festplatte oder im Browser des Computers, Tablets, Smartphones oder gleichwertigen Ger\u00e4ts mit Internet-Navigationsfunktionen installiert werden und unter anderem dabei helfen, die Dienste des Website-Betreibers zu personalisieren, die Navigation&hellip;\" \/>\n<meta property=\"og:url\" content=\"https:\/\/transcat.net\/politica-de-cookies\/\" \/>\n<meta property=\"og:site_name\" content=\"Transcat - Agencia de Transportes\" \/>\n<meta property=\"article:publisher\" content=\"https:\/\/www.facebook.com\/profile.php?id=61556048072021\" \/>\n<meta property=\"article:modified_time\" content=\"2023-12-18T10:57:25+00:00\" \/>\n<meta property=\"og:image\" content=\"https:\/\/transcat.net\/wp-content\/uploads\/2020\/04\/cropped-logo_Transcat_02.png\" \/>\n\t<meta property=\"og:image:width\" content=\"512\" \/>\n\t<meta property=\"og:image:height\" content=\"512\" \/>\n\t<meta property=\"og:image:type\" content=\"image\/png\" \/>\n<meta name=\"twitter:card\" content=\"summary_large_image\" \/>\n<meta name=\"twitter:label1\" content=\"Gesch\u00e4tzte Lesezeit\" \/>\n\t<meta name=\"twitter:data1\" content=\"7\u00a0Minuten\" \/>\n<script type=\"application\/ld+json\" class=\"yoast-schema-graph\">{\"@context\":\"https:\/\/schema.org\",\"@graph\":[{\"@type\":\"WebPage\",\"@id\":\"https:\/\/transcat.net\/politica-de-cookies\/\",\"url\":\"https:\/\/transcat.net\/politica-de-cookies\/\",\"name\":\"Cookie-Richtlinie - Transcat - Agencia de Transportes\",\"isPartOf\":{\"@id\":\"https:\/\/transcat.net\/#website\"},\"datePublished\":\"2023-12-18T10:57:24+00:00\",\"dateModified\":\"2023-12-18T10:57:25+00:00\",\"breadcrumb\":{\"@id\":\"https:\/\/transcat.net\/politica-de-cookies\/#breadcrumb\"},\"inLanguage\":\"de\",\"potentialAction\":[{\"@type\":\"ReadAction\",\"target\":[\"https:\/\/transcat.net\/politica-de-cookies\/\"]}]},{\"@type\":\"BreadcrumbList\",\"@id\":\"https:\/\/transcat.net\/politica-de-cookies\/#breadcrumb\",\"itemListElement\":[{\"@type\":\"ListItem\",\"position\":1,\"name\":\"Home\",\"item\":\"https:\/\/transcat.net\/de\/\"},{\"@type\":\"ListItem\",\"position\":2,\"name\":\"Cookie-Richtlinie\"}]},{\"@type\":\"WebSite\",\"@id\":\"https:\/\/transcat.net\/#website\",\"url\":\"https:\/\/transcat.net\/\",\"name\":\"Transcat - Empresa de Transporte en Valencia\",\"description\":\"L\u00edder en Transporte Internacional\",\"publisher\":{\"@id\":\"https:\/\/transcat.net\/#organization\"},\"alternateName\":\"Transcat\",\"potentialAction\":[{\"@type\":\"SearchAction\",\"target\":{\"@type\":\"EntryPoint\",\"urlTemplate\":\"https:\/\/transcat.net\/?s={search_term_string}\"},\"query-input\":{\"@type\":\"PropertyValueSpecification\",\"valueRequired\":true,\"valueName\":\"search_term_string\"}}],\"inLanguage\":\"de\"},{\"@type\":\"Organization\",\"@id\":\"https:\/\/transcat.net\/#organization\",\"name\":\"Transcat\",\"url\":\"https:\/\/transcat.net\/\",\"logo\":{\"@type\":\"ImageObject\",\"inLanguage\":\"de\",\"@id\":\"https:\/\/transcat.net\/#\/schema\/logo\/image\/\",\"url\":\"https:\/\/transcat.net\/wp-content\/uploads\/2020\/04\/logo_Transcat_02.png\",\"contentUrl\":\"https:\/\/transcat.net\/wp-content\/uploads\/2020\/04\/logo_Transcat_02.png\",\"width\":512,\"height\":512,\"caption\":\"Transcat\"},\"image\":{\"@id\":\"https:\/\/transcat.net\/#\/schema\/logo\/image\/\"},\"sameAs\":[\"https:\/\/www.facebook.com\/profile.php?id=61556048072021\"]}]}<\/script>\n<!-- \/ Yoast SEO plugin. -->","yoast_head_json":{"title":"Cookie-Richtlinie - Transcat - Agencia de Transportes","robots":{"index":"index","follow":"follow","max-snippet":"max-snippet:-1","max-image-preview":"max-image-preview:large","max-video-preview":"max-video-preview:-1"},"canonical":"https:\/\/transcat.net\/politica-de-cookies\/","og_locale":"de_DE","og_type":"article","og_title":"Cookie-Richtlinie - Transcat - Agencia de Transportes","og_description":"WAS SIND COOKIES? Cookies sind kleine Dateien, die auf der Festplatte oder im Browser des Computers, Tablets, Smartphones oder gleichwertigen Ger\u00e4ts mit Internet-Navigationsfunktionen installiert werden und unter anderem dabei helfen, die Dienste des Website-Betreibers zu personalisieren, die Navigation&hellip;","og_url":"https:\/\/transcat.net\/politica-de-cookies\/","og_site_name":"Transcat - Agencia de Transportes","article_publisher":"https:\/\/www.facebook.com\/profile.php?id=61556048072021","article_modified_time":"2023-12-18T10:57:25+00:00","og_image":[{"width":512,"height":512,"url":"https:\/\/transcat.net\/wp-content\/uploads\/2020\/04\/cropped-logo_Transcat_02.png","type":"image\/png"}],"twitter_card":"summary_large_image","twitter_misc":{"Gesch\u00e4tzte Lesezeit":"7\u00a0Minuten"},"schema":{"@context":"https:\/\/schema.org","@graph":[{"@type":"WebPage","@id":"https:\/\/transcat.net\/politica-de-cookies\/","url":"https:\/\/transcat.net\/politica-de-cookies\/","name":"Cookie-Richtlinie - Transcat - Agencia de Transportes","isPartOf":{"@id":"https:\/\/transcat.net\/#website"},"datePublished":"2023-12-18T10:57:24+00:00","dateModified":"2023-12-18T10:57:25+00:00","breadcrumb":{"@id":"https:\/\/transcat.net\/politica-de-cookies\/#breadcrumb"},"inLanguage":"de","potentialAction":[{"@type":"ReadAction","target":["https:\/\/transcat.net\/politica-de-cookies\/"]}]},{"@type":"BreadcrumbList","@id":"https:\/\/transcat.net\/politica-de-cookies\/#breadcrumb","itemListElement":[{"@type":"ListItem","position":1,"name":"Home","item":"https:\/\/transcat.net\/de\/"},{"@type":"ListItem","position":2,"name":"Cookie-Richtlinie"}]},{"@type":"WebSite","@id":"https:\/\/transcat.net\/#website","url":"https:\/\/transcat.net\/","name":"Transcat - Empresa de Transporte en Valencia","description":"L\u00edder en Transporte Internacional","publisher":{"@id":"https:\/\/transcat.net\/#organization"},"alternateName":"Transcat","potentialAction":[{"@type":"SearchAction","target":{"@type":"EntryPoint","urlTemplate":"https:\/\/transcat.net\/?s={search_term_string}"},"query-input":{"@type":"PropertyValueSpecification","valueRequired":true,"valueName":"search_term_string"}}],"inLanguage":"de"},{"@type":"Organization","@id":"https:\/\/transcat.net\/#organization","name":"Transcat","url":"https:\/\/transcat.net\/","logo":{"@type":"ImageObject","inLanguage":"de","@id":"https:\/\/transcat.net\/#\/schema\/logo\/image\/","url":"https:\/\/transcat.net\/wp-content\/uploads\/2020\/04\/logo_Transcat_02.png","contentUrl":"https:\/\/transcat.net\/wp-content\/uploads\/2020\/04\/logo_Transcat_02.png","width":512,"height":512,"caption":"Transcat"},"image":{"@id":"https:\/\/transcat.net\/#\/schema\/logo\/image\/"},"sameAs":["https:\/\/www.facebook.com\/profile.php?id=61556048072021"]}]}},"_links":{"self":[{"href":"https:\/\/transcat.net\/de\/wp-json\/wp\/v2\/pages\/4641","targetHints":{"allow":["GET"]}}],"collection":[{"href":"https:\/\/transcat.net\/de\/wp-json\/wp\/v2\/pages"}],"about":[{"href":"https:\/\/transcat.net\/de\/wp-json\/wp\/v2\/types\/page"}],"author":[{"embeddable":true,"href":"https:\/\/transcat.net\/de\/wp-json\/wp\/v2\/users\/1"}],"replies":[{"embeddable":true,"href":"https:\/\/transcat.net\/de\/wp-json\/wp\/v2\/comments?post=4641"}],"version-history":[{"count":1,"href":"https:\/\/transcat.net\/de\/wp-json\/wp\/v2\/pages\/4641\/revisions"}],"predecessor-version":[{"id":4642,"href":"https:\/\/transcat.net\/de\/wp-json\/wp\/v2\/pages\/4641\/revisions\/4642"}],"wp:attachment":[{"href":"https:\/\/transcat.net\/de\/wp-json\/wp\/v2\/media?parent=4641"}],"curies":[{"name":"wp","href":"https:\/\/api.w.org\/{rel}","templated":true}]}}