{"id":4643,"date":"2023-12-18T10:58:08","date_gmt":"2023-12-18T10:58:08","guid":{"rendered":"https:\/\/transcat.net\/datenschutzrichtlinie\/"},"modified":"2023-12-18T10:58:11","modified_gmt":"2023-12-18T10:58:11","slug":"datenschutzrichtlinie","status":"publish","type":"page","link":"https:\/\/transcat.net\/de\/datenschutzrichtlinie\/","title":{"rendered":"Datenschutzrichtlinie"},"content":{"rendered":"\t\t<div data-elementor-type=\"wp-page\" data-elementor-id=\"4643\" class=\"elementor elementor-4643 elementor-2702\">\n\t\t\t\t\t\t<section class=\"elementor-section elementor-top-section elementor-element elementor-element-6069618 elementor-section-boxed elementor-section-height-default elementor-section-height-default\" data-id=\"6069618\" data-element_type=\"section\">\n\t\t\t\t\t\t<div class=\"elementor-container elementor-column-gap-extended\">\n\t\t\t\t\t<div class=\"elementor-column elementor-col-100 elementor-top-column elementor-element elementor-element-29981be sc_layouts_column_icons_position_left\" data-id=\"29981be\" data-element_type=\"column\">\n\t\t\t<div class=\"elementor-widget-wrap elementor-element-populated\">\n\t\t\t\t\t\t<div class=\"elementor-element elementor-element-8c775ca elementor-widget elementor-widget-spacer\" data-id=\"8c775ca\" data-element_type=\"widget\" data-widget_type=\"spacer.default\">\n\t\t\t\t<div class=\"elementor-widget-container\">\n\t\t\t\t\t\t\t<div class=\"elementor-spacer\">\n\t\t\t<div class=\"elementor-spacer-inner\"><\/div>\n\t\t<\/div>\n\t\t\t\t\t\t<\/div>\n\t\t\t\t<\/div>\n\t\t\t\t\t<\/div>\n\t\t<\/div>\n\t\t\t\t\t<\/div>\n\t\t<\/section>\n\t\t\t\t<section class=\"elementor-section elementor-top-section elementor-element elementor-element-4562ccc elementor-section-boxed elementor-section-height-default elementor-section-height-default\" data-id=\"4562ccc\" data-element_type=\"section\">\n\t\t\t\t\t\t<div class=\"elementor-container elementor-column-gap-extended\">\n\t\t\t\t\t<div class=\"elementor-column elementor-col-100 elementor-top-column elementor-element elementor-element-3ce98ae0 sc_layouts_column_icons_position_left\" data-id=\"3ce98ae0\" data-element_type=\"column\">\n\t\t\t<div class=\"elementor-widget-wrap elementor-element-populated\">\n\t\t\t\t\t\t<div class=\"elementor-element elementor-element-779fdb17 elementor-widget elementor-widget-text-editor\" data-id=\"779fdb17\" data-element_type=\"widget\" data-widget_type=\"text-editor.default\">\n\t\t\t\t<div class=\"elementor-widget-container\">\n\t\t\t\t\t\t\t\t\t<p><strong>\u00bfQUI\u00c9N ES EL RESPONSABLE DEL TRATAMIENTO?<\/strong><\/p>\n<ul>\n<li>Identidad del responsable. TRANS CAT SL<\/li>\n<li>CIF: B97402564<\/li>\n<li>Direcci\u00f3n f\u00edsica. Calle Ciutat de Onda 11, 46988 (Paterna) Valencia-SPAIN<\/li>\n<li>Correo electr\u00f3nico. info@transcat.net<\/li>\n<li>Tel\u00e9fono. 962 524 510<\/li>\n<\/ul>\n<p><strong>\u00a0<\/strong><\/p>\n<p><strong>\u00bfQU\u00c9 DATOS PERSONALES TRATAMOS?<\/strong><\/p>\n<p>En el marco de los distintos tratamientos de actividades realizadas en la organizaci\u00f3n,\u00a0 se recaban los siguiente tipos:<\/p>\n<ul>\n<li><strong>Datos de car\u00e1cter identificativos.<\/strong><\/li>\n<li><strong>Informaci\u00f3n Comercial.<\/strong><\/li>\n<\/ul>\n<p>\u00a0<\/p>\n<p><strong>\u00bfCON QU\u00c9 FINALIDAD Y CASOS ESPEC\u00cdFICOS CON QUE TRATAMOS LOS DATOS PERSONALES?<\/strong><\/p>\n<p>En <a href=\"http:\/\/www.transcat.net\">www.transcat.net<\/a> se tratan los datos personales con las siguientes finalidades:<\/p>\n<ul>\n<li><strong>\u00c1rea clientes:<\/strong> llevar a cabo la gesti\u00f3n de venta de bienes y servicios, facturaci\u00f3n, contabilidad, cobros, impagos, ofertas, presupuestos y contratos, atenci\u00f3n al cliente, contacto y relaciones comerciales.<\/li>\n<li><strong>Contacto:<\/strong> responder a las solicitudes de informaci\u00f3n recibidas sobre los productos y servicios que se ofrecen, as\u00ed como dar respuesta a cualquier otro tipo de pregunta que env\u00eden los usuarios.<\/li>\n<li><strong>Presupuestos:<\/strong> Se utilizaran datos perosnales con la finalidad de tramitar los presupuestos soliictados sobre nuestros productos y servicios.<\/li>\n<\/ul>\n<p>Con los datos personales recabados no se elaboraran perfiles ni se realizar\u00e1n decisiones automatizadas.<\/p>\n<p>\u00a0<\/p>\n<p><strong>\u00bfCU\u00c1L ES LA LEGITIMACI\u00d3N PARA EL TRATAMIENTO DE LOS DATOS?<\/strong><\/p>\n<p>En la organizaci\u00f3n se pueden tratar informaci\u00f3n de car\u00e1cter personal para:<\/p>\n<ul>\n<li><strong>Cumplimiento de obligaciones Legales y regulatorias: <\/strong>A t\u00edtulo enunciativo y no limitativo. Ley General para la Defensa de los Consumidores y Usuarios, Ley General Tributaria, Ley de Impuestos de Sociedades, Ley de Auditor\u00eda de Cuentas, Ley del Impuesto sobre el Valor A\u00f1adido, C\u00f3digo Civil, C\u00f3digo de Comercio.<\/li>\n<li><strong>Ejecuci\u00f3n de un Contrato:<\/strong> Informaci\u00f3n sobre los productos y\/o servicios contratados, gestionar solicitudes.<\/li>\n<li><strong>Consentimiento: <\/strong>Al acceder a nuestra web y rellenar los formularios o enviarnos datos a trav\u00e9s de los medios de contacto electr\u00f3nicos indicados, aceptas esta Pol\u00edtica de Privacidad. Es por ello, que nos basamos en el consentimiento del usuario para el tratamiento de sus datos. Adicionalmente, te informamos que s\u00f3lo usaremos la informaci\u00f3n de car\u00e1cter personal en virtud de esta Pol\u00edtica de Privacidad y, con car\u00e1cter general, solicitaremos tu consentimiento para usos con fines distintos de aqu\u00e9llos para los cuales los otorgaste inicialmente. Finalmente, te informamos que puedes retirar el consentimiento en cualquier momento, solo tendr\u00e1s que ponerte en contacto con nosotros a trav\u00e9s de los medios indicados en esta pol\u00edtica de privacidad.<\/li>\n<\/ul>\n<p>Para la respuesta a las solicitudes, el interesado deber\u00e1 proporcionar la informaci\u00f3n m\u00ednima solicitada. En caso contrato, no podr\u00e1n ser atendidas.<\/p>\n<p>\u00a0<\/p>\n<p><strong>\u00bfDURANTE CU\u00c1NTO TRATAMOS LOS DATOS PERSONALES?<\/strong><\/p>\n<p>En <a href=\"http:\/\/www.transcat.net\">www.transcat.net<\/a> \u00a0se tratan los datos personales durante los siguientes plazos:<\/p>\n<ul>\n<li>El periodo establecido por la ley<\/li>\n<li>El per\u00edodo necesario para cumplir con las obligaciones operativas<\/li>\n<\/ul>\n<p>Se conservar\u00e1n los datos durante el tiempo necesario para cumplir con la finalidad para la que se recabaron y para determinar las posibles responsabilidades que se pudieran derivar de dicha finalidad y del tratamiento de los datos, conforme las normativas anteriormente expuestas, adem\u00e1s de los periodos establecidos en la normativa de archivos y documentaci\u00f3n que sea de aplicaci\u00f3n.<\/p>\n<p><strong>\u00a0<\/strong><\/p>\n<p><strong>\u00bfCON QUI\u00c9N COMPARTIMOS LOS DATOS PERSONALES?<\/strong><\/p>\n<p>Para cumplir las finalidades anteriormente descritas, se puede compartir datos personales con:<\/p>\n<p>Proveedores de servicios que realizan servicios a nuestro nombre<\/p>\n<p>informamos que, con car\u00e1cter general, no se realizan transferencias internacionales fuera del Espacio Econ\u00f3mico Europeo (EEE). En el caso de que se produjera una transferencia de datos fuera del EEE, LA ORGANIZACI\u00d3N dispondr\u00e1 de las garant\u00edas adecuadas para realizar dicha transferencia, en virtud de los requerimientos que establece el Reglamento General de Protecci\u00f3n de Datos<\/p>\n<p><strong>\u00a0<\/strong><\/p>\n<p><strong>\u00bfQU\u00c9 DERECHOS PUEDES EJERCER?<\/strong><\/p>\n<p>Seg\u00fan la normativa europea los derechos que le asisten son los siguientes:<\/p>\n<ul>\n<li><strong>Acceso,<\/strong> derecho a solicitar informaci\u00f3n al responsable de un fichero sobre si sus datos personales est\u00e1n siendo tratados.<\/li>\n<li><strong>Rectificaci\u00f3n,<\/strong> derecho que permite a la persona afectada solicitar la modificaci\u00f3n de datos que sean inexactos o incompletos.<\/li>\n<li><strong>Oposici\u00f3n,<\/strong> derecho de una persona a oponerse al tratamiento de sus datos personales o el cese de \u00e9stos.<\/li>\n<li><strong>Decisiones individuales automatizadas<\/strong>, derecho a no ser objeto de una decisi\u00f3n basada \u00fanicamente en el tratamiento automatizado, incluida la elaboraci\u00f3n de perfiles, que produzca efectos jur\u00eddicos en \u00e9l o le afecte significativamente de modo similar<\/li>\n<li><strong>Limitaci\u00f3n,<\/strong> derecho a suspender el tratamiento de los datos personales del usuario en determinados supuestos<\/li>\n<li><strong>Supresi\u00f3n u Olvido<\/strong>, derecho a supresi\u00f3n de los datos personales del interesado<\/li>\n<li><strong>Portabilidad,<\/strong> derecho a solicitar al responsable del tratamiento que se le faciliten los datos personales en un formato estructurado y claro a otro responsable.<\/li>\n<\/ul>\n<p>\u00a0<\/p>\n<p>El plazo m\u00e1ximo para la resoluci\u00f3n de la solicitud es de 30 d\u00edas desde su recepci\u00f3n, puede prorrogarse como m\u00e1ximo por un plazo de 2 meses siempre que sea necesario.<\/p>\n<p>El solicitante puede ejercer sus derechos a trav\u00e9s de los siguientes medios:\u00a0<\/p>\n<ul>\n<li>Email a protecciondatos@transcat.net aportando documentaci\u00f3n que acredite la identidad del solicitante (copia del anverso del Documento Nacional de Identidad, o equivalente)<\/li>\n<li>Correo postal a Calle Ciutat de Onda 11, 46988 (Paterna) Valencia-SPAIN aportando documentaci\u00f3n que acredite la identidad del solicitante (copia del anverso del Documento Nacional de Identidad, o equivalente)<\/li>\n<li>En cualquier caso, puede solicitar la tutela de la Agencia Espa\u00f1ola de Protecci\u00f3n de Datos a trav\u00e9s de su <a href=\"http:\/\/www.aepd.es\">p\u00e1gina web<\/a><\/li>\n<\/ul>\n<p>\u00a0<\/p>\n<p><strong>CAMBIOS EN ESTA POLITICA DE PRIVACIDAD<\/strong><\/p>\n<p>Eventualmente, esta Pol\u00edtica de Privacidad puede ser revisada con el fin de actualizar los cambios en la legislaci\u00f3n vigente, actualizar los procedimientos de recogida y uso de la informaci\u00f3n de car\u00e1cter personal, la aparici\u00f3n de nuevos servicios o la exclusi\u00f3n de otros. Estos cambios ser\u00e1n vigentes a partir de su publicaci\u00f3n en la web, por lo que es importante que revises regularmente esta Pol\u00edtica de Privacidad con el fin de permanecer informado sobre los cambios habidos.<\/p>\n\t\t\t\t\t\t\t\t<\/div>\n\t\t\t\t<\/div>\n\t\t\t\t\t<\/div>\n\t\t<\/div>\n\t\t\t\t\t<\/div>\n\t\t<\/section>\n\t\t\t\t<section class=\"elementor-section elementor-top-section elementor-element elementor-element-cf45ca5 elementor-section-boxed elementor-section-height-default elementor-section-height-default\" data-id=\"cf45ca5\" data-element_type=\"section\">\n\t\t\t\t\t\t<div class=\"elementor-container elementor-column-gap-extended\">\n\t\t\t\t\t<div class=\"elementor-column elementor-col-100 elementor-top-column elementor-element elementor-element-8194c25 sc_layouts_column_icons_position_left\" data-id=\"8194c25\" data-element_type=\"column\">\n\t\t\t<div class=\"elementor-widget-wrap elementor-element-populated\">\n\t\t\t\t\t\t<div class=\"elementor-element elementor-element-8b401b0 elementor-widget elementor-widget-spacer\" data-id=\"8b401b0\" data-element_type=\"widget\" data-widget_type=\"spacer.default\">\n\t\t\t\t<div class=\"elementor-widget-container\">\n\t\t\t\t\t\t\t<div class=\"elementor-spacer\">\n\t\t\t<div class=\"elementor-spacer-inner\"><\/div>\n\t\t<\/div>\n\t\t\t\t\t\t<\/div>\n\t\t\t\t<\/div>\n\t\t\t\t\t<\/div>\n\t\t<\/div>\n\t\t\t\t\t<\/div>\n\t\t<\/section>\n\t\t\t\t<\/div>\n\t\t","protected":false},"excerpt":{"rendered":"<p>\u00bfQUI\u00c9N ES EL RESPONSABLE DEL TRATAMIENTO? Identidad del responsable. TRANS CAT SL CIF: B97402564 Direcci\u00f3n f\u00edsica. Calle Ciutat de Onda 11, 46988 (Paterna) Valencia-SPAIN Correo electr\u00f3nico. info@transcat.net Tel\u00e9fono. 962 524 510 \u00a0 \u00bfQU\u00c9 DATOS PERSONALES TRATAMOS? En el&hellip;<\/p>\n","protected":false},"author":1,"featured_media":0,"parent":0,"menu_order":0,"comment_status":"closed","ping_status":"closed","template":"","meta":{"footnotes":""},"class_list":["post-4643","page","type-page","status-publish","hentry"],"yoast_head":"<!-- This site is optimized with the Yoast SEO plugin v26.1.1 - https:\/\/yoast.com\/wordpress\/plugins\/seo\/ -->\n<title>Datenschutzrichtlinie - Transcat - Agencia de Transportes<\/title>\n<meta name=\"robots\" content=\"index, follow, max-snippet:-1, max-image-preview:large, max-video-preview:-1\" \/>\n<link rel=\"canonical\" href=\"https:\/\/transcat.net\/politica-de-privacidad\/\" \/>\n<meta property=\"og:locale\" content=\"de_DE\" \/>\n<meta property=\"og:type\" content=\"article\" \/>\n<meta property=\"og:title\" content=\"Datenschutzrichtlinie - Transcat - Agencia de Transportes\" \/>\n<meta property=\"og:description\" content=\"\u00bfQUI\u00c9N ES EL RESPONSABLE DEL TRATAMIENTO? Identidad del responsable. TRANS CAT SL CIF: B97402564 Direcci\u00f3n f\u00edsica. Calle Ciutat de Onda 11, 46988 (Paterna) Valencia-SPAIN Correo electr\u00f3nico. info@transcat.net Tel\u00e9fono. 962 524 510 \u00a0 \u00bfQU\u00c9 DATOS PERSONALES TRATAMOS? En el&hellip;\" \/>\n<meta property=\"og:url\" content=\"https:\/\/transcat.net\/politica-de-privacidad\/\" \/>\n<meta property=\"og:site_name\" content=\"Transcat - Agencia de Transportes\" \/>\n<meta property=\"article:publisher\" content=\"https:\/\/www.facebook.com\/profile.php?id=61556048072021\" \/>\n<meta property=\"article:modified_time\" content=\"2023-12-18T10:58:11+00:00\" \/>\n<meta property=\"og:image\" content=\"https:\/\/transcat.net\/wp-content\/uploads\/2020\/04\/cropped-logo_Transcat_02.png\" \/>\n\t<meta property=\"og:image:width\" content=\"512\" \/>\n\t<meta property=\"og:image:height\" content=\"512\" \/>\n\t<meta property=\"og:image:type\" content=\"image\/png\" \/>\n<meta name=\"twitter:card\" content=\"summary_large_image\" \/>\n<meta name=\"twitter:label1\" content=\"Gesch\u00e4tzte Lesezeit\" \/>\n\t<meta name=\"twitter:data1\" content=\"5\u00a0Minuten\" \/>\n<script type=\"application\/ld+json\" class=\"yoast-schema-graph\">{\"@context\":\"https:\/\/schema.org\",\"@graph\":[{\"@type\":\"WebPage\",\"@id\":\"https:\/\/transcat.net\/politica-de-privacidad\/\",\"url\":\"https:\/\/transcat.net\/politica-de-privacidad\/\",\"name\":\"Datenschutzrichtlinie - Transcat - Agencia de Transportes\",\"isPartOf\":{\"@id\":\"https:\/\/transcat.net\/#website\"},\"datePublished\":\"2023-12-18T10:58:08+00:00\",\"dateModified\":\"2023-12-18T10:58:11+00:00\",\"breadcrumb\":{\"@id\":\"https:\/\/transcat.net\/politica-de-privacidad\/#breadcrumb\"},\"inLanguage\":\"de\",\"potentialAction\":[{\"@type\":\"ReadAction\",\"target\":[\"https:\/\/transcat.net\/politica-de-privacidad\/\"]}]},{\"@type\":\"BreadcrumbList\",\"@id\":\"https:\/\/transcat.net\/politica-de-privacidad\/#breadcrumb\",\"itemListElement\":[{\"@type\":\"ListItem\",\"position\":1,\"name\":\"Home\",\"item\":\"https:\/\/transcat.net\/de\/\"},{\"@type\":\"ListItem\",\"position\":2,\"name\":\"Datenschutzrichtlinie\"}]},{\"@type\":\"WebSite\",\"@id\":\"https:\/\/transcat.net\/#website\",\"url\":\"https:\/\/transcat.net\/\",\"name\":\"Transcat - Empresa de Transporte en Valencia\",\"description\":\"L\u00edder en Transporte Internacional\",\"publisher\":{\"@id\":\"https:\/\/transcat.net\/#organization\"},\"alternateName\":\"Transcat\",\"potentialAction\":[{\"@type\":\"SearchAction\",\"target\":{\"@type\":\"EntryPoint\",\"urlTemplate\":\"https:\/\/transcat.net\/?s={search_term_string}\"},\"query-input\":{\"@type\":\"PropertyValueSpecification\",\"valueRequired\":true,\"valueName\":\"search_term_string\"}}],\"inLanguage\":\"de\"},{\"@type\":\"Organization\",\"@id\":\"https:\/\/transcat.net\/#organization\",\"name\":\"Transcat\",\"url\":\"https:\/\/transcat.net\/\",\"logo\":{\"@type\":\"ImageObject\",\"inLanguage\":\"de\",\"@id\":\"https:\/\/transcat.net\/#\/schema\/logo\/image\/\",\"url\":\"https:\/\/transcat.net\/wp-content\/uploads\/2020\/04\/logo_Transcat_02.png\",\"contentUrl\":\"https:\/\/transcat.net\/wp-content\/uploads\/2020\/04\/logo_Transcat_02.png\",\"width\":512,\"height\":512,\"caption\":\"Transcat\"},\"image\":{\"@id\":\"https:\/\/transcat.net\/#\/schema\/logo\/image\/\"},\"sameAs\":[\"https:\/\/www.facebook.com\/profile.php?id=61556048072021\"]}]}<\/script>\n<!-- \/ Yoast SEO plugin. -->","yoast_head_json":{"title":"Datenschutzrichtlinie - Transcat - Agencia de Transportes","robots":{"index":"index","follow":"follow","max-snippet":"max-snippet:-1","max-image-preview":"max-image-preview:large","max-video-preview":"max-video-preview:-1"},"canonical":"https:\/\/transcat.net\/politica-de-privacidad\/","og_locale":"de_DE","og_type":"article","og_title":"Datenschutzrichtlinie - Transcat - Agencia de Transportes","og_description":"\u00bfQUI\u00c9N ES EL RESPONSABLE DEL TRATAMIENTO? Identidad del responsable. TRANS CAT SL CIF: B97402564 Direcci\u00f3n f\u00edsica. Calle Ciutat de Onda 11, 46988 (Paterna) Valencia-SPAIN Correo electr\u00f3nico. info@transcat.net Tel\u00e9fono. 962 524 510 \u00a0 \u00bfQU\u00c9 DATOS PERSONALES TRATAMOS? En el&hellip;","og_url":"https:\/\/transcat.net\/politica-de-privacidad\/","og_site_name":"Transcat - Agencia de Transportes","article_publisher":"https:\/\/www.facebook.com\/profile.php?id=61556048072021","article_modified_time":"2023-12-18T10:58:11+00:00","og_image":[{"width":512,"height":512,"url":"https:\/\/transcat.net\/wp-content\/uploads\/2020\/04\/cropped-logo_Transcat_02.png","type":"image\/png"}],"twitter_card":"summary_large_image","twitter_misc":{"Gesch\u00e4tzte Lesezeit":"5\u00a0Minuten"},"schema":{"@context":"https:\/\/schema.org","@graph":[{"@type":"WebPage","@id":"https:\/\/transcat.net\/politica-de-privacidad\/","url":"https:\/\/transcat.net\/politica-de-privacidad\/","name":"Datenschutzrichtlinie - Transcat - Agencia de Transportes","isPartOf":{"@id":"https:\/\/transcat.net\/#website"},"datePublished":"2023-12-18T10:58:08+00:00","dateModified":"2023-12-18T10:58:11+00:00","breadcrumb":{"@id":"https:\/\/transcat.net\/politica-de-privacidad\/#breadcrumb"},"inLanguage":"de","potentialAction":[{"@type":"ReadAction","target":["https:\/\/transcat.net\/politica-de-privacidad\/"]}]},{"@type":"BreadcrumbList","@id":"https:\/\/transcat.net\/politica-de-privacidad\/#breadcrumb","itemListElement":[{"@type":"ListItem","position":1,"name":"Home","item":"https:\/\/transcat.net\/de\/"},{"@type":"ListItem","position":2,"name":"Datenschutzrichtlinie"}]},{"@type":"WebSite","@id":"https:\/\/transcat.net\/#website","url":"https:\/\/transcat.net\/","name":"Transcat - Empresa de Transporte en Valencia","description":"L\u00edder en Transporte Internacional","publisher":{"@id":"https:\/\/transcat.net\/#organization"},"alternateName":"Transcat","potentialAction":[{"@type":"SearchAction","target":{"@type":"EntryPoint","urlTemplate":"https:\/\/transcat.net\/?s={search_term_string}"},"query-input":{"@type":"PropertyValueSpecification","valueRequired":true,"valueName":"search_term_string"}}],"inLanguage":"de"},{"@type":"Organization","@id":"https:\/\/transcat.net\/#organization","name":"Transcat","url":"https:\/\/transcat.net\/","logo":{"@type":"ImageObject","inLanguage":"de","@id":"https:\/\/transcat.net\/#\/schema\/logo\/image\/","url":"https:\/\/transcat.net\/wp-content\/uploads\/2020\/04\/logo_Transcat_02.png","contentUrl":"https:\/\/transcat.net\/wp-content\/uploads\/2020\/04\/logo_Transcat_02.png","width":512,"height":512,"caption":"Transcat"},"image":{"@id":"https:\/\/transcat.net\/#\/schema\/logo\/image\/"},"sameAs":["https:\/\/www.facebook.com\/profile.php?id=61556048072021"]}]}},"_links":{"self":[{"href":"https:\/\/transcat.net\/de\/wp-json\/wp\/v2\/pages\/4643","targetHints":{"allow":["GET"]}}],"collection":[{"href":"https:\/\/transcat.net\/de\/wp-json\/wp\/v2\/pages"}],"about":[{"href":"https:\/\/transcat.net\/de\/wp-json\/wp\/v2\/types\/page"}],"author":[{"embeddable":true,"href":"https:\/\/transcat.net\/de\/wp-json\/wp\/v2\/users\/1"}],"replies":[{"embeddable":true,"href":"https:\/\/transcat.net\/de\/wp-json\/wp\/v2\/comments?post=4643"}],"version-history":[{"count":1,"href":"https:\/\/transcat.net\/de\/wp-json\/wp\/v2\/pages\/4643\/revisions"}],"predecessor-version":[{"id":4644,"href":"https:\/\/transcat.net\/de\/wp-json\/wp\/v2\/pages\/4643\/revisions\/4644"}],"wp:attachment":[{"href":"https:\/\/transcat.net\/de\/wp-json\/wp\/v2\/media?parent=4643"}],"curies":[{"name":"wp","href":"https:\/\/api.w.org\/{rel}","templated":true}]}}