{"id":4626,"date":"2023-12-18T10:45:58","date_gmt":"2023-12-18T10:45:58","guid":{"rendered":"https:\/\/transcat.net\/routes-sectors\/"},"modified":"2023-12-18T10:45:59","modified_gmt":"2023-12-18T10:45:59","slug":"routes-sectors","status":"publish","type":"page","link":"https:\/\/transcat.net\/en\/routes-sectors\/","title":{"rendered":"Routes &#038; Sectors"},"content":{"rendered":"\t\t<div data-elementor-type=\"wp-post\" data-elementor-id=\"4626\" class=\"elementor elementor-4626 elementor-1293\">\n\t\t\t\t\t\t<section class=\"elementor-section elementor-top-section elementor-element elementor-element-1c8facc elementor-section-boxed elementor-section-height-default elementor-section-height-default\" data-id=\"1c8facc\" data-element_type=\"section\">\n\t\t\t\t\t\t<div class=\"elementor-container elementor-column-gap-no\">\n\t\t\t\t\t<div class=\"elementor-column elementor-col-100 elementor-top-column elementor-element elementor-element-a3617ba sc_layouts_column_icons_position_left\" data-id=\"a3617ba\" data-element_type=\"column\">\n\t\t\t<div class=\"elementor-widget-wrap elementor-element-populated\">\n\t\t\t\t\t\t<div class=\"elementor-element elementor-element-0e11575 elementor-widget elementor-widget-image\" data-id=\"0e11575\" data-element_type=\"widget\" data-widget_type=\"image.default\">\n\t\t\t\t<div class=\"elementor-widget-container\">\n\t\t\t\t\t\t\t\t\t\t\t\t\t\t\t<img fetchpriority=\"high\" decoding=\"async\" width=\"1920\" height=\"671\" src=\"https:\/\/transcat.net\/wp-content\/uploads\/2018\/03\/TRANSCAT_IMA_53.jpg\" class=\"attachment-full size-full wp-image-3559\" alt=\"\" srcset=\"https:\/\/transcat.net\/wp-content\/uploads\/2018\/03\/TRANSCAT_IMA_53.jpg 1920w, https:\/\/transcat.net\/wp-content\/uploads\/2018\/03\/TRANSCAT_IMA_53-300x105.jpg 300w, https:\/\/transcat.net\/wp-content\/uploads\/2018\/03\/TRANSCAT_IMA_53-1024x358.jpg 1024w, https:\/\/transcat.net\/wp-content\/uploads\/2018\/03\/TRANSCAT_IMA_53-768x268.jpg 768w, https:\/\/transcat.net\/wp-content\/uploads\/2018\/03\/TRANSCAT_IMA_53-1536x537.jpg 1536w, https:\/\/transcat.net\/wp-content\/uploads\/2018\/03\/TRANSCAT_IMA_53-370x129.jpg 370w, https:\/\/transcat.net\/wp-content\/uploads\/2018\/03\/TRANSCAT_IMA_53-760x266.jpg 760w\" sizes=\"(max-width: 1920px) 100vw, 1920px\" \/>\t\t\t\t\t\t\t\t\t\t\t\t\t\t\t<\/div>\n\t\t\t\t<\/div>\n\t\t\t\t\t<\/div>\n\t\t<\/div>\n\t\t\t\t\t<\/div>\n\t\t<\/section>\n\t\t\t\t<section class=\"elementor-section elementor-top-section elementor-element elementor-element-3b8be80 elementor-section-boxed elementor-section-height-default elementor-section-height-default\" data-id=\"3b8be80\" data-element_type=\"section\">\n\t\t\t\t\t\t<div class=\"elementor-container elementor-column-gap-no\">\n\t\t\t\t\t<div class=\"elementor-column elementor-col-100 elementor-top-column elementor-element elementor-element-b069b01 sc_layouts_column_icons_position_left\" data-id=\"b069b01\" data-element_type=\"column\">\n\t\t\t<div class=\"elementor-widget-wrap elementor-element-populated\">\n\t\t\t\t\t\t<div class=\"elementor-element elementor-element-c15969b elementor-widget elementor-widget-spacer\" data-id=\"c15969b\" data-element_type=\"widget\" data-widget_type=\"spacer.default\">\n\t\t\t\t<div class=\"elementor-widget-container\">\n\t\t\t\t\t\t\t<div class=\"elementor-spacer\">\n\t\t\t<div class=\"elementor-spacer-inner\"><\/div>\n\t\t<\/div>\n\t\t\t\t\t\t<\/div>\n\t\t\t\t<\/div>\n\t\t\t\t\t<\/div>\n\t\t<\/div>\n\t\t\t\t\t<\/div>\n\t\t<\/section>\n\t\t\t\t<section class=\"elementor-section elementor-top-section elementor-element elementor-element-0c5a02e elementor-section-boxed elementor-section-height-default elementor-section-height-default\" data-id=\"0c5a02e\" data-element_type=\"section\">\n\t\t\t\t\t\t<div class=\"elementor-container elementor-column-gap-no\">\n\t\t\t\t\t<div class=\"elementor-column elementor-col-100 elementor-top-column elementor-element elementor-element-d44d3f8 sc_layouts_column_icons_position_left\" data-id=\"d44d3f8\" data-element_type=\"column\">\n\t\t\t<div class=\"elementor-widget-wrap elementor-element-populated\">\n\t\t\t\t\t\t<div class=\"elementor-element elementor-element-39802e9 elementor-widget elementor-widget-text-editor\" data-id=\"39802e9\" data-element_type=\"widget\" data-widget_type=\"text-editor.default\">\n\t\t\t\t<div class=\"elementor-widget-container\">\n\t\t\t\t\t\t\t\t\t<h6>ROUTES<\/h6>\n<ul class=\"trx_addons_list_success_circled\">\n<li><span class=\"trx_addons_hover\">Daily loads:\u00a0<\/span>dimport from Germany, France, Italy, United Kingdom, Belgium and Holland to Spain, both complete and fractional<\/li>\n<li><span class=\"trx_addons_hover\">High Value:<\/span>\u00a0we transport High Value, automotive, chemicals, pharmaceutical products,\u2026<\/li>\n<li><span class=\"trx_addons_hover\">Daily departures:<\/span>\u00a0From Spain (Mediterranean area) both at full load level and groupage to Europe, with 1 or 2 drivers<\/li>\n<\/ul>\n\t\t\t\t\t\t\t\t<\/div>\n\t\t\t\t<\/div>\n\t\t\t\t\t<\/div>\n\t\t<\/div>\n\t\t\t\t\t<\/div>\n\t\t<\/section>\n\t\t\t\t<section class=\"elementor-section elementor-top-section elementor-element elementor-element-a2d1f98 elementor-section-boxed elementor-section-height-default elementor-section-height-default\" data-id=\"a2d1f98\" data-element_type=\"section\">\n\t\t\t\t\t\t<div class=\"elementor-container elementor-column-gap-extended\">\n\t\t\t\t\t<div class=\"elementor-column elementor-col-100 elementor-top-column elementor-element elementor-element-9f83364 sc_layouts_column_icons_position_left\" data-id=\"9f83364\" data-element_type=\"column\">\n\t\t\t<div class=\"elementor-widget-wrap\">\n\t\t\t\t\t\t\t<\/div>\n\t\t<\/div>\n\t\t\t\t\t<\/div>\n\t\t<\/section>\n\t\t\t\t<section class=\"elementor-section elementor-top-section elementor-element elementor-element-86d0a43 elementor-section-boxed elementor-section-height-default elementor-section-height-default\" data-id=\"86d0a43\" data-element_type=\"section\">\n\t\t\t\t\t\t<div class=\"elementor-container elementor-column-gap-no\">\n\t\t\t\t\t<div class=\"elementor-column elementor-col-100 elementor-top-column elementor-element elementor-element-f63146f sc_layouts_column_icons_position_left\" data-id=\"f63146f\" data-element_type=\"column\">\n\t\t\t<div class=\"elementor-widget-wrap elementor-element-populated\">\n\t\t\t\t\t\t<div class=\"elementor-element elementor-element-454162f elementor-widget elementor-widget-text-editor\" data-id=\"454162f\" data-element_type=\"widget\" data-widget_type=\"text-editor.default\">\n\t\t\t\t<div class=\"elementor-widget-container\">\n\t\t\t\t\t\t\t\t\t<h6>CONTROL AND MONITORING<\/h6>\n<ul class=\"trx_addons_list_success_circled\">\n<li><span class=\"trx_addons_hover\">Control: <\/span>24 hours a day for both our fleet and collaborators at temperature and location level<\/li>\n<li><span class=\"trx_addons_hover\">Monitoring: <\/span>Constant customer information<\/li>\n<li><span class=\"trx_addons_hover\">Services: <\/span>Port-to-port maritime cargo LCL and FCL to more than 500 international ports.<\/li>\n<li><span class=\"trx_addons_hover\">Wide network: <\/span>Free price comparison for a variety of routes and vessels. with an easy-to-use reservation system, with prices that include all associated charges up to the destination point.<\/li>\n<li><span class=\"trx_addons_hover\">Documentation: <\/span>Support with shipping documentation.<\/li>\n<li><span class=\"trx_addons_hover\">Support: <\/span>Our customer service team will assist you throughout the duration of your shipment.<\/li>\n<\/ul>\n\t\t\t\t\t\t\t\t<\/div>\n\t\t\t\t<\/div>\n\t\t\t\t\t<\/div>\n\t\t<\/div>\n\t\t\t\t\t<\/div>\n\t\t<\/section>\n\t\t\t\t<section class=\"elementor-section elementor-top-section elementor-element elementor-element-c40655d elementor-section-boxed elementor-section-height-default elementor-section-height-default\" data-id=\"c40655d\" data-element_type=\"section\">\n\t\t\t\t\t\t<div class=\"elementor-container elementor-column-gap-no\">\n\t\t\t\t\t<div class=\"elementor-column elementor-col-100 elementor-top-column elementor-element elementor-element-4b6afc2 sc_layouts_column_icons_position_left\" data-id=\"4b6afc2\" data-element_type=\"column\">\n\t\t\t<div class=\"elementor-widget-wrap elementor-element-populated\">\n\t\t\t\t\t\t<div class=\"elementor-element elementor-element-208c679 elementor-widget elementor-widget-spacer\" data-id=\"208c679\" data-element_type=\"widget\" data-widget_type=\"spacer.default\">\n\t\t\t\t<div class=\"elementor-widget-container\">\n\t\t\t\t\t\t\t<div class=\"elementor-spacer\">\n\t\t\t<div class=\"elementor-spacer-inner\"><\/div>\n\t\t<\/div>\n\t\t\t\t\t\t<\/div>\n\t\t\t\t<\/div>\n\t\t\t\t<div class=\"elementor-element elementor-element-9a9b3d7 elementor-widget elementor-widget-html\" data-id=\"9a9b3d7\" data-element_type=\"widget\" data-widget_type=\"html.default\">\n\t\t\t\t<div class=\"elementor-widget-container\">\n\t\t\t\t\t\n<div class=\"wpcf7 no-js\" id=\"wpcf7-f486-o1\" lang=\"es-ES\" dir=\"ltr\" data-wpcf7-id=\"486\">\n<div class=\"screen-reader-response\"><p role=\"status\" aria-live=\"polite\" aria-atomic=\"true\"><\/p> <ul><\/ul><\/div>\n<form action=\"\/en\/wp-json\/wp\/v2\/pages\/4626#wpcf7-f486-o1\" method=\"post\" class=\"wpcf7-form init\" aria-label=\"Formulario de contacto\" novalidate=\"novalidate\" data-status=\"init\">\n<fieldset class=\"hidden-fields-container\"><input type=\"hidden\" name=\"_wpcf7\" value=\"486\" \/><input type=\"hidden\" name=\"_wpcf7_version\" value=\"6.1.2\" \/><input type=\"hidden\" name=\"_wpcf7_locale\" value=\"es_ES\" \/><input type=\"hidden\" name=\"_wpcf7_unit_tag\" value=\"wpcf7-f486-o1\" \/><input type=\"hidden\" name=\"_wpcf7_container_post\" value=\"0\" \/><input type=\"hidden\" name=\"_wpcf7_posted_data_hash\" value=\"\" \/>\n<\/fieldset>\n<div class=\"col_container contact_us\">\n\t<p class=\"col_1-2\"><br \/>\n<span class=\"wpcf7-form-control-wrap\" data-name=\"your_name\"><input size=\"40\" maxlength=\"400\" class=\"wpcf7-form-control wpcf7-text wpcf7-validates-as-required\" aria-required=\"true\" aria-invalid=\"false\" placeholder=\"Nombre*\" value=\"\" type=\"text\" name=\"your_name\" \/><\/span>\n\t<\/p>\n\t<p class=\"col_1-2\"><br \/>\n<span class=\"wpcf7-form-control-wrap\" data-name=\"your_email\"><input size=\"40\" maxlength=\"400\" class=\"wpcf7-form-control wpcf7-email wpcf7-validates-as-required wpcf7-text wpcf7-validates-as-email\" aria-required=\"true\" aria-invalid=\"false\" placeholder=\"Email*\" value=\"\" type=\"email\" name=\"your_email\" \/><\/span>\n\t<\/p>\n\t<p class=\"col_1-1\"><br \/>\n<span class=\"wpcf7-form-control-wrap\" data-name=\"message\"><textarea cols=\"40\" rows=\"10\" maxlength=\"2000\" class=\"wpcf7-form-control wpcf7-textarea wpcf7-validates-as-required\" aria-required=\"true\" aria-invalid=\"false\" placeholder=\"Mensaje*\" name=\"message\"><\/textarea><\/span>\n\t<\/p>\n\t<p class=\"col_1-1\"><br \/>\nEn cumplimiento de la normativa vigente en materia de protecci\u00f3n de datos le informamos que el responsable de sus datos personales es TRANS CAT SL, y los utilizar\u00e1 con la finalidad de responder a las solicitudes de informaci\u00f3n recibidas. Este tratamiento est\u00e1 basado en el consentimiento del interesado. No est\u00e1 prevista ninguna cesi\u00f3n de sus datos a terceros. Puede acceder, rectificar y suprimir los datos, as\u00ed como otros derechos que le asisten sobre protecci\u00f3n de datos a trav\u00e9s de protecciondatos@transcat.net. Puede obtener informaci\u00f3n adicional sobre protecci\u00f3n de datos solicit\u00e1ndola a nuestra organizaci\u00f3n.\n\t<\/p>\n\t<p class=\"col_1-1 form_button\"><br \/>\n<span class=\"wpcf7-form-control-wrap\" data-name=\"acceptance-615\"><span class=\"wpcf7-form-control wpcf7-acceptance\"><span class=\"wpcf7-list-item\"><label><input type=\"checkbox\" name=\"acceptance-615\" value=\"1\" aria-invalid=\"false\" \/><span class=\"wpcf7-list-item-label\">He le\u00eddo y acepto la <a target=\"_blank\" rel=\"noopener noreferrer\" href=\"https:\/\/transcat.net\/politica-de-privacidad\/\">pol\u00edtica de privacidad<\/a>.<\/span><\/label><\/span><\/span><\/span><br \/>\n<span class=\"wpcf7-form-control-wrap\" data-name=\"acceptance-157\"><span class=\"wpcf7-form-control wpcf7-acceptance\"><span class=\"wpcf7-list-item\"><label><input type=\"checkbox\" name=\"acceptance-157\" value=\"1\" aria-invalid=\"false\" \/><span class=\"wpcf7-list-item-label\">Acepto que los datos enviados se recopilen y almacenen.<\/span><\/label><\/span><\/span><\/span><br \/>\n<input class=\"wpcf7-form-control wpcf7-submit has-spinner\" type=\"submit\" value=\"Enviar mensaje\" \/>\n\t<\/p>\n<\/div><div class=\"wpcf7-response-output\" aria-hidden=\"true\"><\/div>\n<\/form>\n<\/div>\n\t\t\t\t<\/div>\n\t\t\t\t<\/div>\n\t\t\t\t\t<\/div>\n\t\t<\/div>\n\t\t\t\t\t<\/div>\n\t\t<\/section>\n\t\t\t\t<section class=\"elementor-section elementor-top-section elementor-element elementor-element-92a50a5 elementor-section-boxed elementor-section-height-default elementor-section-height-default\" data-id=\"92a50a5\" data-element_type=\"section\">\n\t\t\t\t\t\t<div class=\"elementor-container elementor-column-gap-extended\">\n\t\t\t\t\t<div class=\"elementor-column elementor-col-100 elementor-top-column elementor-element elementor-element-803d708 sc_layouts_column_icons_position_left\" data-id=\"803d708\" data-element_type=\"column\">\n\t\t\t<div class=\"elementor-widget-wrap\">\n\t\t\t\t\t\t\t<\/div>\n\t\t<\/div>\n\t\t\t\t\t<\/div>\n\t\t<\/section>\n\t\t\t\t<\/div>\n\t\t","protected":false},"excerpt":{"rendered":"<p>ROUTES Daily loads:\u00a0dimport from Germany, France, Italy, United Kingdom, Belgium and Holland to Spain, both complete and fractional High Value:\u00a0we transport High Value, automotive, chemicals, pharmaceutical products,\u2026 Daily departures:\u00a0From Spain (Mediterranean area) both at full load level and&hellip;<\/p>\n","protected":false},"author":1,"featured_media":0,"parent":0,"menu_order":0,"comment_status":"closed","ping_status":"closed","template":"","meta":{"footnotes":""},"class_list":["post-4626","page","type-page","status-publish","hentry"],"yoast_head":"<!-- This site is optimized with the Yoast SEO plugin v26.1.1 - https:\/\/yoast.com\/wordpress\/plugins\/seo\/ -->\n<title>Routes &amp; Sectors - Transcat - Agencia de Transportes<\/title>\n<meta name=\"robots\" content=\"index, follow, max-snippet:-1, max-image-preview:large, max-video-preview:-1\" \/>\n<link rel=\"canonical\" href=\"https:\/\/transcat.net\/partnership-details\/\" \/>\n<meta property=\"og:locale\" content=\"en_US\" \/>\n<meta property=\"og:type\" content=\"article\" \/>\n<meta property=\"og:title\" content=\"Routes &amp; Sectors - Transcat - Agencia de Transportes\" \/>\n<meta property=\"og:description\" content=\"ROUTES Daily loads:\u00a0dimport from Germany, France, Italy, United Kingdom, Belgium and Holland to Spain, both complete and fractional High Value:\u00a0we transport High Value, automotive, chemicals, pharmaceutical products,\u2026 Daily departures:\u00a0From Spain (Mediterranean area) both at full load level and&hellip;\" \/>\n<meta property=\"og:url\" content=\"https:\/\/transcat.net\/partnership-details\/\" \/>\n<meta property=\"og:site_name\" content=\"Transcat - Agencia de Transportes\" \/>\n<meta property=\"article:publisher\" content=\"https:\/\/www.facebook.com\/profile.php?id=61556048072021\" \/>\n<meta property=\"article:modified_time\" content=\"2023-12-18T10:45:59+00:00\" \/>\n<meta property=\"og:image\" content=\"https:\/\/transcat.net\/wp-content\/uploads\/2018\/03\/TRANSCAT_IMA_53.jpg\" \/>\n<meta name=\"twitter:card\" content=\"summary_large_image\" \/>\n<meta name=\"twitter:label1\" content=\"Est. reading time\" \/>\n\t<meta name=\"twitter:data1\" content=\"1 minute\" \/>\n<script type=\"application\/ld+json\" class=\"yoast-schema-graph\">{\"@context\":\"https:\/\/schema.org\",\"@graph\":[{\"@type\":\"WebPage\",\"@id\":\"https:\/\/transcat.net\/partnership-details\/\",\"url\":\"https:\/\/transcat.net\/partnership-details\/\",\"name\":\"Routes & Sectors - Transcat - Agencia de Transportes\",\"isPartOf\":{\"@id\":\"https:\/\/transcat.net\/#website\"},\"primaryImageOfPage\":{\"@id\":\"https:\/\/transcat.net\/partnership-details\/#primaryimage\"},\"image\":{\"@id\":\"https:\/\/transcat.net\/partnership-details\/#primaryimage\"},\"thumbnailUrl\":\"https:\/\/transcat.net\/wp-content\/uploads\/2018\/03\/TRANSCAT_IMA_53.jpg\",\"datePublished\":\"2023-12-18T10:45:58+00:00\",\"dateModified\":\"2023-12-18T10:45:59+00:00\",\"breadcrumb\":{\"@id\":\"https:\/\/transcat.net\/partnership-details\/#breadcrumb\"},\"inLanguage\":\"en-US\",\"potentialAction\":[{\"@type\":\"ReadAction\",\"target\":[\"https:\/\/transcat.net\/partnership-details\/\"]}]},{\"@type\":\"ImageObject\",\"inLanguage\":\"en-US\",\"@id\":\"https:\/\/transcat.net\/partnership-details\/#primaryimage\",\"url\":\"https:\/\/transcat.net\/wp-content\/uploads\/2018\/03\/TRANSCAT_IMA_53.jpg\",\"contentUrl\":\"https:\/\/transcat.net\/wp-content\/uploads\/2018\/03\/TRANSCAT_IMA_53.jpg\"},{\"@type\":\"BreadcrumbList\",\"@id\":\"https:\/\/transcat.net\/partnership-details\/#breadcrumb\",\"itemListElement\":[{\"@type\":\"ListItem\",\"position\":1,\"name\":\"Home\",\"item\":\"https:\/\/transcat.net\/en\/\"},{\"@type\":\"ListItem\",\"position\":2,\"name\":\"Routes &#038; Sectors\"}]},{\"@type\":\"WebSite\",\"@id\":\"https:\/\/transcat.net\/#website\",\"url\":\"https:\/\/transcat.net\/\",\"name\":\"Transcat - Empresa de Transporte en Valencia\",\"description\":\"L\u00edder en Transporte Internacional\",\"publisher\":{\"@id\":\"https:\/\/transcat.net\/#organization\"},\"alternateName\":\"Transcat\",\"potentialAction\":[{\"@type\":\"SearchAction\",\"target\":{\"@type\":\"EntryPoint\",\"urlTemplate\":\"https:\/\/transcat.net\/?s={search_term_string}\"},\"query-input\":{\"@type\":\"PropertyValueSpecification\",\"valueRequired\":true,\"valueName\":\"search_term_string\"}}],\"inLanguage\":\"en-US\"},{\"@type\":\"Organization\",\"@id\":\"https:\/\/transcat.net\/#organization\",\"name\":\"Transcat\",\"url\":\"https:\/\/transcat.net\/\",\"logo\":{\"@type\":\"ImageObject\",\"inLanguage\":\"en-US\",\"@id\":\"https:\/\/transcat.net\/#\/schema\/logo\/image\/\",\"url\":\"https:\/\/transcat.net\/wp-content\/uploads\/2020\/04\/logo_Transcat_02.png\",\"contentUrl\":\"https:\/\/transcat.net\/wp-content\/uploads\/2020\/04\/logo_Transcat_02.png\",\"width\":512,\"height\":512,\"caption\":\"Transcat\"},\"image\":{\"@id\":\"https:\/\/transcat.net\/#\/schema\/logo\/image\/\"},\"sameAs\":[\"https:\/\/www.facebook.com\/profile.php?id=61556048072021\"]}]}<\/script>\n<!-- \/ Yoast SEO plugin. -->","yoast_head_json":{"title":"Routes & Sectors - Transcat - Agencia de Transportes","robots":{"index":"index","follow":"follow","max-snippet":"max-snippet:-1","max-image-preview":"max-image-preview:large","max-video-preview":"max-video-preview:-1"},"canonical":"https:\/\/transcat.net\/partnership-details\/","og_locale":"en_US","og_type":"article","og_title":"Routes & Sectors - Transcat - Agencia de Transportes","og_description":"ROUTES Daily loads:\u00a0dimport from Germany, France, Italy, United Kingdom, Belgium and Holland to Spain, both complete and fractional High Value:\u00a0we transport High Value, automotive, chemicals, pharmaceutical products,\u2026 Daily departures:\u00a0From Spain (Mediterranean area) both at full load level and&hellip;","og_url":"https:\/\/transcat.net\/partnership-details\/","og_site_name":"Transcat - Agencia de Transportes","article_publisher":"https:\/\/www.facebook.com\/profile.php?id=61556048072021","article_modified_time":"2023-12-18T10:45:59+00:00","og_image":[{"url":"https:\/\/transcat.net\/wp-content\/uploads\/2018\/03\/TRANSCAT_IMA_53.jpg","type":"","width":"","height":""}],"twitter_card":"summary_large_image","twitter_misc":{"Est. reading time":"1 minute"},"schema":{"@context":"https:\/\/schema.org","@graph":[{"@type":"WebPage","@id":"https:\/\/transcat.net\/partnership-details\/","url":"https:\/\/transcat.net\/partnership-details\/","name":"Routes & Sectors - Transcat - Agencia de Transportes","isPartOf":{"@id":"https:\/\/transcat.net\/#website"},"primaryImageOfPage":{"@id":"https:\/\/transcat.net\/partnership-details\/#primaryimage"},"image":{"@id":"https:\/\/transcat.net\/partnership-details\/#primaryimage"},"thumbnailUrl":"https:\/\/transcat.net\/wp-content\/uploads\/2018\/03\/TRANSCAT_IMA_53.jpg","datePublished":"2023-12-18T10:45:58+00:00","dateModified":"2023-12-18T10:45:59+00:00","breadcrumb":{"@id":"https:\/\/transcat.net\/partnership-details\/#breadcrumb"},"inLanguage":"en-US","potentialAction":[{"@type":"ReadAction","target":["https:\/\/transcat.net\/partnership-details\/"]}]},{"@type":"ImageObject","inLanguage":"en-US","@id":"https:\/\/transcat.net\/partnership-details\/#primaryimage","url":"https:\/\/transcat.net\/wp-content\/uploads\/2018\/03\/TRANSCAT_IMA_53.jpg","contentUrl":"https:\/\/transcat.net\/wp-content\/uploads\/2018\/03\/TRANSCAT_IMA_53.jpg"},{"@type":"BreadcrumbList","@id":"https:\/\/transcat.net\/partnership-details\/#breadcrumb","itemListElement":[{"@type":"ListItem","position":1,"name":"Home","item":"https:\/\/transcat.net\/en\/"},{"@type":"ListItem","position":2,"name":"Routes &#038; Sectors"}]},{"@type":"WebSite","@id":"https:\/\/transcat.net\/#website","url":"https:\/\/transcat.net\/","name":"Transcat - Empresa de Transporte en Valencia","description":"L\u00edder en Transporte Internacional","publisher":{"@id":"https:\/\/transcat.net\/#organization"},"alternateName":"Transcat","potentialAction":[{"@type":"SearchAction","target":{"@type":"EntryPoint","urlTemplate":"https:\/\/transcat.net\/?s={search_term_string}"},"query-input":{"@type":"PropertyValueSpecification","valueRequired":true,"valueName":"search_term_string"}}],"inLanguage":"en-US"},{"@type":"Organization","@id":"https:\/\/transcat.net\/#organization","name":"Transcat","url":"https:\/\/transcat.net\/","logo":{"@type":"ImageObject","inLanguage":"en-US","@id":"https:\/\/transcat.net\/#\/schema\/logo\/image\/","url":"https:\/\/transcat.net\/wp-content\/uploads\/2020\/04\/logo_Transcat_02.png","contentUrl":"https:\/\/transcat.net\/wp-content\/uploads\/2020\/04\/logo_Transcat_02.png","width":512,"height":512,"caption":"Transcat"},"image":{"@id":"https:\/\/transcat.net\/#\/schema\/logo\/image\/"},"sameAs":["https:\/\/www.facebook.com\/profile.php?id=61556048072021"]}]}},"_links":{"self":[{"href":"https:\/\/transcat.net\/en\/wp-json\/wp\/v2\/pages\/4626","targetHints":{"allow":["GET"]}}],"collection":[{"href":"https:\/\/transcat.net\/en\/wp-json\/wp\/v2\/pages"}],"about":[{"href":"https:\/\/transcat.net\/en\/wp-json\/wp\/v2\/types\/page"}],"author":[{"embeddable":true,"href":"https:\/\/transcat.net\/en\/wp-json\/wp\/v2\/users\/1"}],"replies":[{"embeddable":true,"href":"https:\/\/transcat.net\/en\/wp-json\/wp\/v2\/comments?post=4626"}],"version-history":[{"count":1,"href":"https:\/\/transcat.net\/en\/wp-json\/wp\/v2\/pages\/4626\/revisions"}],"predecessor-version":[{"id":4627,"href":"https:\/\/transcat.net\/en\/wp-json\/wp\/v2\/pages\/4626\/revisions\/4627"}],"wp:attachment":[{"href":"https:\/\/transcat.net\/en\/wp-json\/wp\/v2\/media?parent=4626"}],"curies":[{"name":"wp","href":"https:\/\/api.w.org\/{rel}","templated":true}]}}