{"id":4628,"date":"2023-12-18T10:47:06","date_gmt":"2023-12-18T10:47:06","guid":{"rendered":"https:\/\/transcat.net\/international-transportation-services\/"},"modified":"2023-12-18T10:47:08","modified_gmt":"2023-12-18T10:47:08","slug":"international-transportation-services","status":"publish","type":"page","link":"https:\/\/transcat.net\/en\/international-transportation-services\/","title":{"rendered":"International Transportation Services"},"content":{"rendered":"\t\t<div data-elementor-type=\"wp-page\" data-elementor-id=\"4628\" class=\"elementor elementor-4628 elementor-2651\">\n\t\t\t\t\t\t<section class=\"elementor-section elementor-top-section elementor-element elementor-element-65fff3b elementor-section-boxed elementor-section-height-default elementor-section-height-default\" data-id=\"65fff3b\" data-element_type=\"section\">\n\t\t\t\t\t\t<div class=\"elementor-container elementor-column-gap-extended\">\n\t\t\t\t\t<div class=\"elementor-column elementor-col-100 elementor-top-column elementor-element elementor-element-36a3dd1 sc_layouts_column_icons_position_left\" data-id=\"36a3dd1\" data-element_type=\"column\">\n\t\t\t<div class=\"elementor-widget-wrap elementor-element-populated\">\n\t\t\t\t\t\t<div class=\"elementor-element elementor-element-0d0bacb elementor-widget elementor-widget-trx_sc_services\" data-id=\"0d0bacb\" data-element_type=\"widget\" data-widget_type=\"trx_sc_services.default\">\n\t\t\t\t<div class=\"elementor-widget-container\">\n\t\t\t\t\t<div id=\"trx_sc_services_366453993\" class=\"sc_services color_style_default sc_services_default sc_services_featured_top\">\r\n\r\n<div class=\"sc_services_columns_wrap sc_item_columns sc_item_posts_container sc_item_columns_2 trx_addons_columns_wrap columns_padding_bottom\"><div class=\"trx_addons_column-1_2\"><div class=\"sc_services_item no_links with_content with_image sc_services_item_featured_top post-4736 cpt_services type-cpt_services status-publish has-post-thumbnail hentry cpt_services_group-otros-servicios-en\">\r\n\t<div class=\"post_featured with_thumb hover_dots sc_services_item_thumb\"><img fetchpriority=\"high\" decoding=\"async\" width=\"745\" height=\"400\" src=\"https:\/\/transcat.net\/wp-content\/uploads\/2018\/05\/TRAN_DSC_0050-745x400.jpg\" class=\"attachment-freightco-thumb-big size-freightco-thumb-big wp-post-image\" alt=\"\" srcset=\"https:\/\/transcat.net\/wp-content\/uploads\/2018\/05\/TRAN_DSC_0050-745x400.jpg 745w, https:\/\/transcat.net\/wp-content\/uploads\/2018\/05\/TRAN_DSC_0050-1170x628.jpg 1170w, https:\/\/transcat.net\/wp-content\/uploads\/2018\/05\/TRAN_DSC_0050-370x198.jpg 370w\" sizes=\"(max-width: 745px) 100vw, 745px\" \/><div class=\"mask\"><\/div><a href=\"https:\/\/transcat.net\/en\/services\/full-load\/\" aria-hidden=\"true\" class=\"icons\"><span><\/span><span><\/span><span><\/span><\/a><\/div>\t\r\n\t<div class=\"sc_services_item_info\">\r\n\t\t<div class=\"sc_services_item_header\">\r\n\t\t\t<h4 class=\"sc_services_item_title\"><a href=\"https:\/\/transcat.net\/en\/services\/full-load\/\">Full load<\/a><\/h4>\r\n\t\t\t<div class=\"sc_services_item_subtitle\"><a href=\"https:\/\/transcat.net\/en\/services_group\/otros-servicios-en\/\" title=\"View all posts in Otros servicios\">Otros servicios<\/a><\/div>\r\n\t\t<\/div>\r\n\t\t\t\t\t<div class=\"sc_services_item_content\"><p>Daily departures from Spain (Mediterranean area) both at full load level and groupage to Europe, with 1 or 2 drivers.<\/p>\n<\/div><div class=\"sc_services_item_button sc_item_button\"><a href=\"https:\/\/transcat.net\/en\/services\/full-load\/\" class=\"sc_button sc_button_simple\">Read more<\/a><\/div><\/div>\r\n<\/div>\r\n<\/div><div class=\"trx_addons_column-1_2\"><div class=\"sc_services_item no_links with_content with_image sc_services_item_featured_top post-4739 cpt_services type-cpt_services status-publish has-post-thumbnail hentry cpt_services_group-otros-servicios-en\">\r\n\t<div class=\"post_featured with_thumb hover_dots sc_services_item_thumb\"><img decoding=\"async\" width=\"745\" height=\"400\" src=\"https:\/\/transcat.net\/wp-content\/uploads\/2018\/05\/TRAN_DSC_0022-745x400.jpg\" class=\"attachment-freightco-thumb-big size-freightco-thumb-big wp-post-image\" alt=\"\" srcset=\"https:\/\/transcat.net\/wp-content\/uploads\/2018\/05\/TRAN_DSC_0022-745x400.jpg 745w, https:\/\/transcat.net\/wp-content\/uploads\/2018\/05\/TRAN_DSC_0022-1170x628.jpg 1170w, https:\/\/transcat.net\/wp-content\/uploads\/2018\/05\/TRAN_DSC_0022-370x198.jpg 370w\" sizes=\"(max-width: 745px) 100vw, 745px\" \/><div class=\"mask\"><\/div><a href=\"https:\/\/transcat.net\/en\/services\/supply-chain\/\" aria-hidden=\"true\" class=\"icons\"><span><\/span><span><\/span><span><\/span><\/a><\/div>\t\r\n\t<div class=\"sc_services_item_info\">\r\n\t\t<div class=\"sc_services_item_header\">\r\n\t\t\t<h4 class=\"sc_services_item_title\"><a href=\"https:\/\/transcat.net\/en\/services\/supply-chain\/\">Supply chain<\/a><\/h4>\r\n\t\t\t<div class=\"sc_services_item_subtitle\"><a href=\"https:\/\/transcat.net\/en\/services_group\/otros-servicios-en\/\" title=\"View all posts in Otros servicios\">Otros servicios<\/a><\/div>\r\n\t\t<\/div>\r\n\t\t\t\t\t<div class=\"sc_services_item_content\"><p>Transcat imports and exports goods to any place in Europe, with a commitment to seriousness, reliability and transparency.<\/p>\n<\/div><div class=\"sc_services_item_button sc_item_button\"><a href=\"https:\/\/transcat.net\/en\/services\/supply-chain\/\" class=\"sc_button sc_button_simple\">Read more<\/a><\/div><\/div>\r\n<\/div>\r\n<\/div><div class=\"trx_addons_column-1_2\"><div class=\"sc_services_item no_links with_content with_image sc_services_item_featured_top post-4741 cpt_services type-cpt_services status-publish has-post-thumbnail hentry cpt_services_group-otros-servicios-en\">\r\n\t<div class=\"post_featured with_thumb hover_dots sc_services_item_thumb\"><img decoding=\"async\" width=\"745\" height=\"400\" src=\"https:\/\/transcat.net\/wp-content\/uploads\/2018\/05\/TRAN_DSC_0030-745x400.jpg\" class=\"attachment-freightco-thumb-big size-freightco-thumb-big wp-post-image\" alt=\"\" srcset=\"https:\/\/transcat.net\/wp-content\/uploads\/2018\/05\/TRAN_DSC_0030-745x400.jpg 745w, https:\/\/transcat.net\/wp-content\/uploads\/2018\/05\/TRAN_DSC_0030-1170x628.jpg 1170w, https:\/\/transcat.net\/wp-content\/uploads\/2018\/05\/TRAN_DSC_0030-370x198.jpg 370w\" sizes=\"(max-width: 745px) 100vw, 745px\" \/><div class=\"mask\"><\/div><a href=\"https:\/\/transcat.net\/en\/services\/storage\/\" aria-hidden=\"true\" class=\"icons\"><span><\/span><span><\/span><span><\/span><\/a><\/div>\t\r\n\t<div class=\"sc_services_item_info\">\r\n\t\t<div class=\"sc_services_item_header\">\r\n\t\t\t<h4 class=\"sc_services_item_title\"><a href=\"https:\/\/transcat.net\/en\/services\/storage\/\">Storage<\/a><\/h4>\r\n\t\t\t<div class=\"sc_services_item_subtitle\"><a href=\"https:\/\/transcat.net\/en\/services_group\/otros-servicios-en\/\" title=\"View all posts in Otros servicios\">Otros servicios<\/a><\/div>\r\n\t\t<\/div>\r\n\t\t\t\t\t<div class=\"sc_services_item_content\"><p>We have logistics partners throughout Europe to store, load and unload<\/p>\n<\/div><div class=\"sc_services_item_button sc_item_button\"><a href=\"https:\/\/transcat.net\/en\/services\/storage\/\" class=\"sc_button sc_button_simple\">Read more<\/a><\/div><\/div>\r\n<\/div>\r\n<\/div><div class=\"trx_addons_column-1_2\"><div class=\"sc_services_item no_links with_content with_image sc_services_item_featured_top post-4744 cpt_services type-cpt_services status-publish has-post-thumbnail hentry cpt_services_group-otros-servicios-en\">\r\n\t<div class=\"post_featured with_thumb hover_dots sc_services_item_thumb\"><img loading=\"lazy\" decoding=\"async\" width=\"745\" height=\"400\" src=\"https:\/\/transcat.net\/wp-content\/uploads\/2018\/03\/logistica-745x400.jpeg\" class=\"attachment-freightco-thumb-big size-freightco-thumb-big wp-post-image\" alt=\"\" srcset=\"https:\/\/transcat.net\/wp-content\/uploads\/2018\/03\/logistica-745x400.jpeg 745w, https:\/\/transcat.net\/wp-content\/uploads\/2018\/03\/logistica-1170x628.jpeg 1170w, https:\/\/transcat.net\/wp-content\/uploads\/2018\/03\/logistica-370x198.jpeg 370w\" sizes=\"(max-width: 745px) 100vw, 745px\" \/><div class=\"mask\"><\/div><a href=\"https:\/\/transcat.net\/en\/services\/logistics\/\" aria-hidden=\"true\" class=\"icons\"><span><\/span><span><\/span><span><\/span><\/a><\/div>\t\r\n\t<div class=\"sc_services_item_info\">\r\n\t\t<div class=\"sc_services_item_header\">\r\n\t\t\t<h4 class=\"sc_services_item_title\"><a href=\"https:\/\/transcat.net\/en\/services\/logistics\/\">Logistics<\/a><\/h4>\r\n\t\t\t<div class=\"sc_services_item_subtitle\"><a href=\"https:\/\/transcat.net\/en\/services_group\/otros-servicios-en\/\" title=\"View all posts in Otros servicios\">Otros servicios<\/a><\/div>\r\n\t\t<\/div>\r\n\t\t\t\t\t<div class=\"sc_services_item_content\"><p>Daily import loads from Germany, France, Italy, United Kingdom, Belgium and Holland to Spain, both complete and fractional<\/p>\n<\/div><div class=\"sc_services_item_button sc_item_button\"><a href=\"https:\/\/transcat.net\/en\/services\/logistics\/\" class=\"sc_button sc_button_simple\">Read more<\/a><\/div><\/div>\r\n<\/div>\r\n<\/div><div class=\"trx_addons_column-1_2\"><div class=\"sc_services_item no_links with_content with_image sc_services_item_featured_top post-4747 cpt_services type-cpt_services status-publish has-post-thumbnail hentry cpt_services_group-otros-servicios-en\">\r\n\t<div class=\"post_featured with_thumb hover_dots sc_services_item_thumb\"><img loading=\"lazy\" decoding=\"async\" width=\"745\" height=\"400\" src=\"https:\/\/transcat.net\/wp-content\/uploads\/2020\/12\/TRANS_01-745x400.jpg\" class=\"attachment-freightco-thumb-big size-freightco-thumb-big wp-post-image\" alt=\"\" srcset=\"https:\/\/transcat.net\/wp-content\/uploads\/2020\/12\/TRANS_01-745x400.jpg 745w, https:\/\/transcat.net\/wp-content\/uploads\/2020\/12\/TRANS_01-370x198.jpg 370w\" sizes=\"(max-width: 745px) 100vw, 745px\" \/><div class=\"mask\"><\/div><a href=\"https:\/\/transcat.net\/en\/services\/groupage\/\" aria-hidden=\"true\" class=\"icons\"><span><\/span><span><\/span><span><\/span><\/a><\/div>\t\r\n\t<div class=\"sc_services_item_info\">\r\n\t\t<div class=\"sc_services_item_header\">\r\n\t\t\t<h4 class=\"sc_services_item_title\"><a href=\"https:\/\/transcat.net\/en\/services\/groupage\/\">Groupage<\/a><\/h4>\r\n\t\t\t<div class=\"sc_services_item_subtitle\"><a href=\"https:\/\/transcat.net\/en\/services_group\/otros-servicios-en\/\" title=\"View all posts in Otros servicios\">Otros servicios<\/a><\/div>\r\n\t\t<\/div>\r\n\t\t\t\t\t<div class=\"sc_services_item_content\"><p>We have state-of-the-art tractor heads, renewing them every 3 years, contributing to the reduction of emissions.<\/p>\n<\/div><div class=\"sc_services_item_button sc_item_button\"><a href=\"https:\/\/transcat.net\/en\/services\/groupage\/\" class=\"sc_button sc_button_simple\">Read more<\/a><\/div><\/div>\r\n<\/div>\r\n<\/div><div class=\"trx_addons_column-1_2\"><div class=\"sc_services_item no_links with_content with_image sc_services_item_featured_top post-4750 cpt_services type-cpt_services status-publish has-post-thumbnail hentry cpt_services_group-servicios-en\">\r\n\t<div class=\"post_featured with_thumb hover_dots sc_services_item_thumb\"><img loading=\"lazy\" decoding=\"async\" width=\"745\" height=\"400\" src=\"https:\/\/transcat.net\/wp-content\/uploads\/2018\/05\/slider_1_1-745x400.jpg\" class=\"attachment-freightco-thumb-big size-freightco-thumb-big wp-post-image\" alt=\"\" srcset=\"https:\/\/transcat.net\/wp-content\/uploads\/2018\/05\/slider_1_1-745x400.jpg 745w, https:\/\/transcat.net\/wp-content\/uploads\/2018\/05\/slider_1_1-1170x628.jpg 1170w, https:\/\/transcat.net\/wp-content\/uploads\/2018\/05\/slider_1_1-370x198.jpg 370w\" sizes=\"(max-width: 745px) 100vw, 745px\" \/><div class=\"mask\"><\/div><a href=\"https:\/\/transcat.net\/en\/services\/ground-transportation\/\" aria-hidden=\"true\" class=\"icons\"><span><\/span><span><\/span><span><\/span><\/a><\/div>\t\r\n\t<div class=\"sc_services_item_info\">\r\n\t\t<div class=\"sc_services_item_header\">\r\n\t\t\t<h4 class=\"sc_services_item_title\"><a href=\"https:\/\/transcat.net\/en\/services\/ground-transportation\/\">Ground transportation<\/a><\/h4>\r\n\t\t\t<div class=\"sc_services_item_subtitle\"><a href=\"https:\/\/transcat.net\/en\/services_group\/servicios-en\/\" title=\"View all posts in Servicios\">Servicios<\/a><\/div>\r\n\t\t<\/div>\r\n\t\t\t\t\t<div class=\"sc_services_item_content\"><p>Our trucks and vans will transport your shipment easily<\/p>\n<\/div><div class=\"sc_services_item_button sc_item_button\"><a href=\"https:\/\/transcat.net\/en\/services\/ground-transportation\/\" class=\"sc_button sc_button_simple\">Read more<\/a><\/div><\/div>\r\n<\/div>\r\n<\/div><\/div><\/div><!-- \/.sc_services -->\t\t\t\t<\/div>\n\t\t\t\t<\/div>\n\t\t\t\t\t<\/div>\n\t\t<\/div>\n\t\t\t\t\t<\/div>\n\t\t<\/section>\n\t\t\t\t<\/div>\n\t\t","protected":false},"excerpt":{"rendered":"<p>V\u00eda a\u00e9rea Servicios Esta es la forma m\u00e1s r\u00e1pida de enviar y recibir env\u00edos Read more V\u00eda Terrestre Servicios Nuestros camiones y furgonetas transportar\u00e1n su env\u00edo f\u00e1cilmente Read more V\u00eda Mar\u00edtima Servicios La entrega de contenedores mar\u00edtimos fue&hellip;<\/p>\n","protected":false},"author":1,"featured_media":0,"parent":0,"menu_order":0,"comment_status":"closed","ping_status":"closed","template":"elementor_header_footer","meta":{"footnotes":""},"class_list":["post-4628","page","type-page","status-publish","hentry"],"yoast_head":"<!-- This site is optimized with the Yoast SEO plugin v26.1.1 - https:\/\/yoast.com\/wordpress\/plugins\/seo\/ -->\n<title>International Transportation of Goods<\/title>\n<meta name=\"description\" content=\"International Transportation of Goods in Transcat. Learn about all our International Transportation services. Access our website.\" \/>\n<meta name=\"robots\" content=\"index, follow, max-snippet:-1, max-image-preview:large, max-video-preview:-1\" \/>\n<link rel=\"canonical\" href=\"https:\/\/transcat.net\/servicios-transcat\/\" \/>\n<meta property=\"og:locale\" content=\"en_US\" \/>\n<meta property=\"og:type\" content=\"article\" \/>\n<meta property=\"og:title\" content=\"International Transportation of Goods\" \/>\n<meta property=\"og:description\" content=\"International Transportation of Goods in Transcat. Learn about all our International Transportation services. Access our website.\" \/>\n<meta property=\"og:url\" content=\"https:\/\/transcat.net\/servicios-transcat\/\" \/>\n<meta property=\"og:site_name\" content=\"Transcat - Agencia de Transportes\" \/>\n<meta property=\"article:publisher\" content=\"https:\/\/www.facebook.com\/profile.php?id=61556048072021\" \/>\n<meta property=\"article:modified_time\" content=\"2023-12-18T10:47:08+00:00\" \/>\n<meta property=\"og:image\" content=\"https:\/\/transcat.net\/wp-content\/uploads\/2018\/03\/service-1-copyright-745x400.jpg\" \/>\n<meta name=\"twitter:card\" content=\"summary_large_image\" \/>\n<meta name=\"twitter:label1\" content=\"Est. reading time\" \/>\n\t<meta name=\"twitter:data1\" content=\"1 minute\" \/>\n<script type=\"application\/ld+json\" class=\"yoast-schema-graph\">{\"@context\":\"https:\/\/schema.org\",\"@graph\":[{\"@type\":\"WebPage\",\"@id\":\"https:\/\/transcat.net\/servicios-transcat\/\",\"url\":\"https:\/\/transcat.net\/servicios-transcat\/\",\"name\":\"International Transportation of Goods\",\"isPartOf\":{\"@id\":\"https:\/\/transcat.net\/#website\"},\"primaryImageOfPage\":{\"@id\":\"https:\/\/transcat.net\/servicios-transcat\/#primaryimage\"},\"image\":{\"@id\":\"https:\/\/transcat.net\/servicios-transcat\/#primaryimage\"},\"thumbnailUrl\":\"https:\/\/transcat.net\/wp-content\/uploads\/2018\/03\/service-1-copyright-745x400.jpg\",\"datePublished\":\"2023-12-18T10:47:06+00:00\",\"dateModified\":\"2023-12-18T10:47:08+00:00\",\"description\":\"International Transportation of Goods in Transcat. Learn about all our International Transportation services. Access our website.\",\"breadcrumb\":{\"@id\":\"https:\/\/transcat.net\/servicios-transcat\/#breadcrumb\"},\"inLanguage\":\"en-US\",\"potentialAction\":[{\"@type\":\"ReadAction\",\"target\":[\"https:\/\/transcat.net\/servicios-transcat\/\"]}]},{\"@type\":\"ImageObject\",\"inLanguage\":\"en-US\",\"@id\":\"https:\/\/transcat.net\/servicios-transcat\/#primaryimage\",\"url\":\"https:\/\/transcat.net\/wp-content\/uploads\/2018\/03\/service-1-copyright-745x400.jpg\",\"contentUrl\":\"https:\/\/transcat.net\/wp-content\/uploads\/2018\/03\/service-1-copyright-745x400.jpg\"},{\"@type\":\"BreadcrumbList\",\"@id\":\"https:\/\/transcat.net\/servicios-transcat\/#breadcrumb\",\"itemListElement\":[{\"@type\":\"ListItem\",\"position\":1,\"name\":\"Home\",\"item\":\"https:\/\/transcat.net\/en\/\"},{\"@type\":\"ListItem\",\"position\":2,\"name\":\"International Transportation Services\"}]},{\"@type\":\"WebSite\",\"@id\":\"https:\/\/transcat.net\/#website\",\"url\":\"https:\/\/transcat.net\/\",\"name\":\"Transcat - Empresa de Transporte en Valencia\",\"description\":\"L\u00edder en Transporte Internacional\",\"publisher\":{\"@id\":\"https:\/\/transcat.net\/#organization\"},\"alternateName\":\"Transcat\",\"potentialAction\":[{\"@type\":\"SearchAction\",\"target\":{\"@type\":\"EntryPoint\",\"urlTemplate\":\"https:\/\/transcat.net\/?s={search_term_string}\"},\"query-input\":{\"@type\":\"PropertyValueSpecification\",\"valueRequired\":true,\"valueName\":\"search_term_string\"}}],\"inLanguage\":\"en-US\"},{\"@type\":\"Organization\",\"@id\":\"https:\/\/transcat.net\/#organization\",\"name\":\"Transcat\",\"url\":\"https:\/\/transcat.net\/\",\"logo\":{\"@type\":\"ImageObject\",\"inLanguage\":\"en-US\",\"@id\":\"https:\/\/transcat.net\/#\/schema\/logo\/image\/\",\"url\":\"https:\/\/transcat.net\/wp-content\/uploads\/2020\/04\/logo_Transcat_02.png\",\"contentUrl\":\"https:\/\/transcat.net\/wp-content\/uploads\/2020\/04\/logo_Transcat_02.png\",\"width\":512,\"height\":512,\"caption\":\"Transcat\"},\"image\":{\"@id\":\"https:\/\/transcat.net\/#\/schema\/logo\/image\/\"},\"sameAs\":[\"https:\/\/www.facebook.com\/profile.php?id=61556048072021\"]}]}<\/script>\n<!-- \/ Yoast SEO plugin. -->","yoast_head_json":{"title":"International Transportation of Goods","description":"International Transportation of Goods in Transcat. Learn about all our International Transportation services. Access our website.","robots":{"index":"index","follow":"follow","max-snippet":"max-snippet:-1","max-image-preview":"max-image-preview:large","max-video-preview":"max-video-preview:-1"},"canonical":"https:\/\/transcat.net\/servicios-transcat\/","og_locale":"en_US","og_type":"article","og_title":"International Transportation of Goods","og_description":"International Transportation of Goods in Transcat. Learn about all our International Transportation services. Access our website.","og_url":"https:\/\/transcat.net\/servicios-transcat\/","og_site_name":"Transcat - Agencia de Transportes","article_publisher":"https:\/\/www.facebook.com\/profile.php?id=61556048072021","article_modified_time":"2023-12-18T10:47:08+00:00","og_image":[{"url":"https:\/\/transcat.net\/wp-content\/uploads\/2018\/03\/service-1-copyright-745x400.jpg","type":"","width":"","height":""}],"twitter_card":"summary_large_image","twitter_misc":{"Est. reading time":"1 minute"},"schema":{"@context":"https:\/\/schema.org","@graph":[{"@type":"WebPage","@id":"https:\/\/transcat.net\/servicios-transcat\/","url":"https:\/\/transcat.net\/servicios-transcat\/","name":"International Transportation of Goods","isPartOf":{"@id":"https:\/\/transcat.net\/#website"},"primaryImageOfPage":{"@id":"https:\/\/transcat.net\/servicios-transcat\/#primaryimage"},"image":{"@id":"https:\/\/transcat.net\/servicios-transcat\/#primaryimage"},"thumbnailUrl":"https:\/\/transcat.net\/wp-content\/uploads\/2018\/03\/service-1-copyright-745x400.jpg","datePublished":"2023-12-18T10:47:06+00:00","dateModified":"2023-12-18T10:47:08+00:00","description":"International Transportation of Goods in Transcat. Learn about all our International Transportation services. Access our website.","breadcrumb":{"@id":"https:\/\/transcat.net\/servicios-transcat\/#breadcrumb"},"inLanguage":"en-US","potentialAction":[{"@type":"ReadAction","target":["https:\/\/transcat.net\/servicios-transcat\/"]}]},{"@type":"ImageObject","inLanguage":"en-US","@id":"https:\/\/transcat.net\/servicios-transcat\/#primaryimage","url":"https:\/\/transcat.net\/wp-content\/uploads\/2018\/03\/service-1-copyright-745x400.jpg","contentUrl":"https:\/\/transcat.net\/wp-content\/uploads\/2018\/03\/service-1-copyright-745x400.jpg"},{"@type":"BreadcrumbList","@id":"https:\/\/transcat.net\/servicios-transcat\/#breadcrumb","itemListElement":[{"@type":"ListItem","position":1,"name":"Home","item":"https:\/\/transcat.net\/en\/"},{"@type":"ListItem","position":2,"name":"International Transportation Services"}]},{"@type":"WebSite","@id":"https:\/\/transcat.net\/#website","url":"https:\/\/transcat.net\/","name":"Transcat - Empresa de Transporte en Valencia","description":"L\u00edder en Transporte Internacional","publisher":{"@id":"https:\/\/transcat.net\/#organization"},"alternateName":"Transcat","potentialAction":[{"@type":"SearchAction","target":{"@type":"EntryPoint","urlTemplate":"https:\/\/transcat.net\/?s={search_term_string}"},"query-input":{"@type":"PropertyValueSpecification","valueRequired":true,"valueName":"search_term_string"}}],"inLanguage":"en-US"},{"@type":"Organization","@id":"https:\/\/transcat.net\/#organization","name":"Transcat","url":"https:\/\/transcat.net\/","logo":{"@type":"ImageObject","inLanguage":"en-US","@id":"https:\/\/transcat.net\/#\/schema\/logo\/image\/","url":"https:\/\/transcat.net\/wp-content\/uploads\/2020\/04\/logo_Transcat_02.png","contentUrl":"https:\/\/transcat.net\/wp-content\/uploads\/2020\/04\/logo_Transcat_02.png","width":512,"height":512,"caption":"Transcat"},"image":{"@id":"https:\/\/transcat.net\/#\/schema\/logo\/image\/"},"sameAs":["https:\/\/www.facebook.com\/profile.php?id=61556048072021"]}]}},"_links":{"self":[{"href":"https:\/\/transcat.net\/en\/wp-json\/wp\/v2\/pages\/4628","targetHints":{"allow":["GET"]}}],"collection":[{"href":"https:\/\/transcat.net\/en\/wp-json\/wp\/v2\/pages"}],"about":[{"href":"https:\/\/transcat.net\/en\/wp-json\/wp\/v2\/types\/page"}],"author":[{"embeddable":true,"href":"https:\/\/transcat.net\/en\/wp-json\/wp\/v2\/users\/1"}],"replies":[{"embeddable":true,"href":"https:\/\/transcat.net\/en\/wp-json\/wp\/v2\/comments?post=4628"}],"version-history":[{"count":1,"href":"https:\/\/transcat.net\/en\/wp-json\/wp\/v2\/pages\/4628\/revisions"}],"predecessor-version":[{"id":4629,"href":"https:\/\/transcat.net\/en\/wp-json\/wp\/v2\/pages\/4628\/revisions\/4629"}],"wp:attachment":[{"href":"https:\/\/transcat.net\/en\/wp-json\/wp\/v2\/media?parent=4628"}],"curies":[{"name":"wp","href":"https:\/\/api.w.org\/{rel}","templated":true}]}}