{"id":4659,"date":"2023-12-18T11:06:39","date_gmt":"2023-12-18T11:06:39","guid":{"rendered":"https:\/\/transcat.net\/equipe\/"},"modified":"2023-12-18T11:06:41","modified_gmt":"2023-12-18T11:06:41","slug":"equipe","status":"publish","type":"page","link":"https:\/\/transcat.net\/fr\/equipe\/","title":{"rendered":"\u00e9quipe"},"content":{"rendered":"\t\t<div data-elementor-type=\"wp-post\" data-elementor-id=\"4659\" class=\"elementor elementor-4659 elementor-311\">\n\t\t\t\t\t\t<section class=\"elementor-section elementor-top-section elementor-element elementor-element-6c0ccc7 elementor-section-content-bottom elementor-section-boxed elementor-section-height-default elementor-section-height-default\" data-id=\"6c0ccc7\" data-element_type=\"section\">\n\t\t\t\t\t\t<div class=\"elementor-container elementor-column-gap-no\">\n\t\t\t\t\t<div class=\"elementor-column elementor-col-50 elementor-top-column elementor-element elementor-element-8aa7442 sc_layouts_column_icons_position_left\" data-id=\"8aa7442\" data-element_type=\"column\">\n\t\t\t<div class=\"elementor-widget-wrap elementor-element-populated\">\n\t\t\t\t\t\t<div class=\"elementor-element elementor-element-db99cbd elementor-widget elementor-widget-trx_sc_title\" data-id=\"db99cbd\" data-element_type=\"widget\" data-widget_type=\"trx_sc_title.default\">\n\t\t\t\t<div class=\"elementor-widget-container\">\n\t\t\t\t\t<div id=\"trx_sc_title_1458214986\"\r\n\t\tclass=\"sc_title color_style_default sc_title_default with_border\">\r\n<div class=\"sc_title_container  sc_align_none title_style_default with_border\">\r\n<h6 class=\"sc_item_subtitle sc_title_subtitle sc_align_none sc_item_title_style_default with_border\">NUESTRA <\/h6><h2 class=\"sc_item_title sc_title_title sc_align_none sc_item_title_style_default with_border\">FILOSOF\u00cdA<\/h2><\/div>\r\n\r\n<div class=\"sc_item_descr sc_title_descr sc_align_none\"><p>Velocidad, Eficiencia, precisi\u00f3n y calidad<\/p>\n<\/div><\/div><!-- \/.sc_title -->\t\t\t\t<\/div>\n\t\t\t\t<\/div>\n\t\t\t\t<div class=\"elementor-element elementor-element-e8a5945 elementor-widget elementor-widget-text-editor\" data-id=\"e8a5945\" data-element_type=\"widget\" data-widget_type=\"text-editor.default\">\n\t\t\t\t<div class=\"elementor-widget-container\">\n\t\t\t\t\t\t\t\t\t<blockquote>\n<p>Transcat va au-del\u00e0 de la logistique\u00a0: nous faisons tourner le monde et r\u00e9volutionnons le business..<br \/><cite>VICENTE Antonino<\/cite><\/p>\n<\/blockquote>\n\t\t\t\t\t\t\t\t<\/div>\n\t\t\t\t<\/div>\n\t\t\t\t\t<\/div>\n\t\t<\/div>\n\t\t\t\t<div class=\"elementor-column elementor-col-50 elementor-top-column elementor-element elementor-element-b4fe4d3 sc_layouts_column_icons_position_left\" data-id=\"b4fe4d3\" data-element_type=\"column\">\n\t\t\t<div class=\"elementor-widget-wrap elementor-element-populated\">\n\t\t\t\t\t\t<div class=\"elementor-element elementor-element-f04ac12 elementor-widget elementor-widget-spacer\" data-id=\"f04ac12\" data-element_type=\"widget\" data-widget_type=\"spacer.default\">\n\t\t\t\t<div class=\"elementor-widget-container\">\n\t\t\t\t\t\t\t<div class=\"elementor-spacer\">\n\t\t\t<div class=\"elementor-spacer-inner\"><\/div>\n\t\t<\/div>\n\t\t\t\t\t\t<\/div>\n\t\t\t\t<\/div>\n\t\t\t\t<div class=\"elementor-element elementor-element-430e9bf elementor-widget elementor-widget-image\" data-id=\"430e9bf\" data-element_type=\"widget\" data-widget_type=\"image.default\">\n\t\t\t\t<div class=\"elementor-widget-container\">\n\t\t\t\t\t\t\t\t\t\t\t\t\t\t\t<img fetchpriority=\"high\" decoding=\"async\" width=\"1200\" height=\"762\" src=\"https:\/\/transcat.net\/wp-content\/uploads\/2020\/05\/TRAN_DSC_0050.jpg\" class=\"attachment-full size-full wp-image-3578\" alt=\"\" srcset=\"https:\/\/transcat.net\/wp-content\/uploads\/2020\/05\/TRAN_DSC_0050.jpg 1200w, https:\/\/transcat.net\/wp-content\/uploads\/2020\/05\/TRAN_DSC_0050-300x191.jpg 300w, https:\/\/transcat.net\/wp-content\/uploads\/2020\/05\/TRAN_DSC_0050-1024x650.jpg 1024w, https:\/\/transcat.net\/wp-content\/uploads\/2020\/05\/TRAN_DSC_0050-768x488.jpg 768w, https:\/\/transcat.net\/wp-content\/uploads\/2020\/05\/TRAN_DSC_0050-370x235.jpg 370w, https:\/\/transcat.net\/wp-content\/uploads\/2020\/05\/TRAN_DSC_0050-760x483.jpg 760w\" sizes=\"(max-width: 1200px) 100vw, 1200px\" \/>\t\t\t\t\t\t\t\t\t\t\t\t\t\t\t<\/div>\n\t\t\t\t<\/div>\n\t\t\t\t\t<\/div>\n\t\t<\/div>\n\t\t\t\t\t<\/div>\n\t\t<\/section>\n\t\t\t\t<section class=\"elementor-section elementor-top-section elementor-element elementor-element-15ea5fb elementor-section-boxed elementor-section-height-default elementor-section-height-default\" data-id=\"15ea5fb\" data-element_type=\"section\">\n\t\t\t\t\t\t<div class=\"elementor-container elementor-column-gap-extended\">\n\t\t\t\t\t<div class=\"elementor-column elementor-col-100 elementor-top-column elementor-element elementor-element-74856a8 sc_layouts_column_icons_position_left\" data-id=\"74856a8\" data-element_type=\"column\">\n\t\t\t<div class=\"elementor-widget-wrap elementor-element-populated\">\n\t\t\t\t\t\t<div class=\"elementor-element elementor-element-45cc368 elementor-widget elementor-widget-spacer\" data-id=\"45cc368\" data-element_type=\"widget\" data-widget_type=\"spacer.default\">\n\t\t\t\t<div class=\"elementor-widget-container\">\n\t\t\t\t\t\t\t<div class=\"elementor-spacer\">\n\t\t\t<div class=\"elementor-spacer-inner\"><\/div>\n\t\t<\/div>\n\t\t\t\t\t\t<\/div>\n\t\t\t\t<\/div>\n\t\t\t\t<div class=\"elementor-element elementor-element-cc6d598 elementor-widget elementor-widget-spacer\" data-id=\"cc6d598\" data-element_type=\"widget\" data-widget_type=\"spacer.default\">\n\t\t\t\t<div class=\"elementor-widget-container\">\n\t\t\t\t\t\t\t<div class=\"elementor-spacer\">\n\t\t\t<div class=\"elementor-spacer-inner\"><\/div>\n\t\t<\/div>\n\t\t\t\t\t\t<\/div>\n\t\t\t\t<\/div>\n\t\t\t\t\t<\/div>\n\t\t<\/div>\n\t\t\t\t\t<\/div>\n\t\t<\/section>\n\t\t\t\t<section class=\"elementor-section elementor-top-section elementor-element elementor-element-f972c89 elementor-section-stretched sc_bg_mask_8 elementor-section-boxed elementor-section-height-default elementor-section-height-default\" data-id=\"f972c89\" data-element_type=\"section\" data-settings=\"{&quot;stretch_section&quot;:&quot;section-stretched&quot;,&quot;background_background&quot;:&quot;classic&quot;}\">\n\t\t\t\t\t\t<div class=\"elementor-container elementor-column-gap-extended\">\n\t\t\t\t\t<div class=\"elementor-column elementor-col-100 elementor-top-column elementor-element elementor-element-f019954 sc_layouts_column_icons_position_left\" data-id=\"f019954\" data-element_type=\"column\">\n\t\t\t<div class=\"elementor-widget-wrap elementor-element-populated\">\n\t\t\t\t\t\t<div class=\"elementor-element elementor-element-0e752a2 elementor-widget elementor-widget-spacer\" data-id=\"0e752a2\" data-element_type=\"widget\" data-widget_type=\"spacer.default\">\n\t\t\t\t<div class=\"elementor-widget-container\">\n\t\t\t\t\t\t\t<div class=\"elementor-spacer\">\n\t\t\t<div class=\"elementor-spacer-inner\"><\/div>\n\t\t<\/div>\n\t\t\t\t\t\t<\/div>\n\t\t\t\t<\/div>\n\t\t\t\t<div class=\"elementor-element elementor-element-f7430a0 scheme_dark elementor-widget elementor-widget-trx_sc_title\" data-id=\"f7430a0\" data-element_type=\"widget\" data-widget_type=\"trx_sc_title.default\">\n\t\t\t\t<div class=\"elementor-widget-container\">\n\t\t\t\t\t<div id=\"trx_sc_title_397946016\"\r\n\t\tclass=\"sc_title color_style_default scheme_dark sc_title_default with_border\">\r\n<div class=\"sc_title_container  sc_align_center title_style_default with_border\">\r\n<h6 class=\"sc_item_subtitle sc_title_subtitle sc_align_center sc_item_title_style_default with_border\">DEPARTAMENTOS <\/h6><h2 class=\"sc_item_title sc_title_title sc_align_center sc_item_title_style_default with_border\">PROFESIONALES<\/h2><\/div>\r\n\r\n<div class=\"sc_item_descr sc_title_descr sc_align_center\"><p>TRANSCAT es una empresa formada por un equipo de j\u00f3venes emprendedores. Transcat importa y exporta mercanc\u00edas a cualquier lugar de Europa, con un compromiso de seriedad, confianza y transparencia. Estamos en el Pol\u00edgono Industrial Fuente del Jarro de Paterna, Valencia.<\/p>\n<\/div><\/div><!-- \/.sc_title -->\t\t\t\t<\/div>\n\t\t\t\t<\/div>\n\t\t\t\t<div class=\"elementor-element elementor-element-8e3e3c3 elementor-widget elementor-widget-spacer\" data-id=\"8e3e3c3\" data-element_type=\"widget\" data-widget_type=\"spacer.default\">\n\t\t\t\t<div class=\"elementor-widget-container\">\n\t\t\t\t\t\t\t<div class=\"elementor-spacer\">\n\t\t\t<div class=\"elementor-spacer-inner\"><\/div>\n\t\t<\/div>\n\t\t\t\t\t\t<\/div>\n\t\t\t\t<\/div>\n\t\t\t\t<div class=\"elementor-element elementor-element-d75de73 elementor-widget elementor-widget-spacer\" data-id=\"d75de73\" data-element_type=\"widget\" data-widget_type=\"spacer.default\">\n\t\t\t\t<div class=\"elementor-widget-container\">\n\t\t\t\t\t\t\t<div class=\"elementor-spacer\">\n\t\t\t<div class=\"elementor-spacer-inner\"><\/div>\n\t\t<\/div>\n\t\t\t\t\t\t<\/div>\n\t\t\t\t<\/div>\n\t\t\t\t\t<\/div>\n\t\t<\/div>\n\t\t\t\t\t<\/div>\n\t\t<\/section>\n\t\t\t\t<section class=\"elementor-section elementor-top-section elementor-element elementor-element-eb5af14 elementor-section-boxed elementor-section-height-default elementor-section-height-default\" data-id=\"eb5af14\" data-element_type=\"section\">\n\t\t\t\t\t\t<div class=\"elementor-container elementor-column-gap-extended\">\n\t\t\t\t\t<div class=\"elementor-column elementor-col-100 elementor-top-column elementor-element elementor-element-83406b6 sc_layouts_column_icons_position_left\" data-id=\"83406b6\" data-element_type=\"column\">\n\t\t\t<div class=\"elementor-widget-wrap elementor-element-populated\">\n\t\t\t\t\t\t<div class=\"elementor-element elementor-element-9f8dc05 elementor-widget elementor-widget-spacer\" data-id=\"9f8dc05\" data-element_type=\"widget\" data-widget_type=\"spacer.default\">\n\t\t\t\t<div class=\"elementor-widget-container\">\n\t\t\t\t\t\t\t<div class=\"elementor-spacer\">\n\t\t\t<div class=\"elementor-spacer-inner\"><\/div>\n\t\t<\/div>\n\t\t\t\t\t\t<\/div>\n\t\t\t\t<\/div>\n\t\t\t\t\t<\/div>\n\t\t<\/div>\n\t\t\t\t\t<\/div>\n\t\t<\/section>\n\t\t\t\t<\/div>\n\t\t","protected":false},"excerpt":{"rendered":"<p>NUESTRA FILOSOF\u00cdA Velocidad, Eficiencia, precisi\u00f3n y calidad Transcat va au-del\u00e0 de la logistique\u00a0: nous faisons tourner le monde et r\u00e9volutionnons le business..VICENTE Antonino DEPARTAMENTOS PROFESIONALES TRANSCAT es una empresa formada por un equipo de j\u00f3venes emprendedores. Transcat importa&hellip;<\/p>\n","protected":false},"author":1,"featured_media":0,"parent":0,"menu_order":0,"comment_status":"closed","ping_status":"closed","template":"","meta":{"footnotes":""},"class_list":["post-4659","page","type-page","status-publish","hentry"],"yoast_head":"<!-- This site is optimized with the Yoast SEO plugin v26.1.1 - https:\/\/yoast.com\/wordpress\/plugins\/seo\/ -->\n<title>\u00e9quipe - Transcat - Agencia de Transportes<\/title>\n<meta name=\"robots\" content=\"index, follow, max-snippet:-1, max-image-preview:large, max-video-preview:-1\" \/>\n<link rel=\"canonical\" href=\"https:\/\/transcat.net\/equipo\/\" \/>\n<meta property=\"og:locale\" content=\"fr_FR\" \/>\n<meta property=\"og:type\" content=\"article\" \/>\n<meta property=\"og:title\" content=\"\u00e9quipe - Transcat - Agencia de Transportes\" \/>\n<meta property=\"og:description\" content=\"NUESTRA FILOSOF\u00cdA Velocidad, Eficiencia, precisi\u00f3n y calidad Transcat va au-del\u00e0 de la logistique\u00a0: nous faisons tourner le monde et r\u00e9volutionnons le business..VICENTE Antonino DEPARTAMENTOS PROFESIONALES TRANSCAT es una empresa formada por un equipo de j\u00f3venes emprendedores. Transcat importa&hellip;\" \/>\n<meta property=\"og:url\" content=\"https:\/\/transcat.net\/equipo\/\" \/>\n<meta property=\"og:site_name\" content=\"Transcat - Agencia de Transportes\" \/>\n<meta property=\"article:publisher\" content=\"https:\/\/www.facebook.com\/profile.php?id=61556048072021\" \/>\n<meta property=\"article:modified_time\" content=\"2023-12-18T11:06:41+00:00\" \/>\n<meta property=\"og:image\" content=\"https:\/\/transcat.net\/wp-content\/uploads\/2020\/05\/TRAN_DSC_0050.jpg\" \/>\n<meta name=\"twitter:card\" content=\"summary_large_image\" \/>\n<meta name=\"twitter:label1\" content=\"Dur\u00e9e de lecture estim\u00e9e\" \/>\n\t<meta name=\"twitter:data1\" content=\"1 minute\" \/>\n<script type=\"application\/ld+json\" class=\"yoast-schema-graph\">{\"@context\":\"https:\/\/schema.org\",\"@graph\":[{\"@type\":\"WebPage\",\"@id\":\"https:\/\/transcat.net\/equipo\/\",\"url\":\"https:\/\/transcat.net\/equipo\/\",\"name\":\"\u00e9quipe - Transcat - Agencia de Transportes\",\"isPartOf\":{\"@id\":\"https:\/\/transcat.net\/#website\"},\"primaryImageOfPage\":{\"@id\":\"https:\/\/transcat.net\/equipo\/#primaryimage\"},\"image\":{\"@id\":\"https:\/\/transcat.net\/equipo\/#primaryimage\"},\"thumbnailUrl\":\"https:\/\/transcat.net\/wp-content\/uploads\/2020\/05\/TRAN_DSC_0050.jpg\",\"datePublished\":\"2023-12-18T11:06:39+00:00\",\"dateModified\":\"2023-12-18T11:06:41+00:00\",\"breadcrumb\":{\"@id\":\"https:\/\/transcat.net\/equipo\/#breadcrumb\"},\"inLanguage\":\"fr-FR\",\"potentialAction\":[{\"@type\":\"ReadAction\",\"target\":[\"https:\/\/transcat.net\/equipo\/\"]}]},{\"@type\":\"ImageObject\",\"inLanguage\":\"fr-FR\",\"@id\":\"https:\/\/transcat.net\/equipo\/#primaryimage\",\"url\":\"https:\/\/transcat.net\/wp-content\/uploads\/2020\/05\/TRAN_DSC_0050.jpg\",\"contentUrl\":\"https:\/\/transcat.net\/wp-content\/uploads\/2020\/05\/TRAN_DSC_0050.jpg\"},{\"@type\":\"BreadcrumbList\",\"@id\":\"https:\/\/transcat.net\/equipo\/#breadcrumb\",\"itemListElement\":[{\"@type\":\"ListItem\",\"position\":1,\"name\":\"Home\",\"item\":\"https:\/\/transcat.net\/fr\/\"},{\"@type\":\"ListItem\",\"position\":2,\"name\":\"\u00e9quipe\"}]},{\"@type\":\"WebSite\",\"@id\":\"https:\/\/transcat.net\/#website\",\"url\":\"https:\/\/transcat.net\/\",\"name\":\"Transcat - Empresa de Transporte en Valencia\",\"description\":\"L\u00edder en Transporte Internacional\",\"publisher\":{\"@id\":\"https:\/\/transcat.net\/#organization\"},\"alternateName\":\"Transcat\",\"potentialAction\":[{\"@type\":\"SearchAction\",\"target\":{\"@type\":\"EntryPoint\",\"urlTemplate\":\"https:\/\/transcat.net\/?s={search_term_string}\"},\"query-input\":{\"@type\":\"PropertyValueSpecification\",\"valueRequired\":true,\"valueName\":\"search_term_string\"}}],\"inLanguage\":\"fr-FR\"},{\"@type\":\"Organization\",\"@id\":\"https:\/\/transcat.net\/#organization\",\"name\":\"Transcat\",\"url\":\"https:\/\/transcat.net\/\",\"logo\":{\"@type\":\"ImageObject\",\"inLanguage\":\"fr-FR\",\"@id\":\"https:\/\/transcat.net\/#\/schema\/logo\/image\/\",\"url\":\"https:\/\/transcat.net\/wp-content\/uploads\/2020\/04\/logo_Transcat_02.png\",\"contentUrl\":\"https:\/\/transcat.net\/wp-content\/uploads\/2020\/04\/logo_Transcat_02.png\",\"width\":512,\"height\":512,\"caption\":\"Transcat\"},\"image\":{\"@id\":\"https:\/\/transcat.net\/#\/schema\/logo\/image\/\"},\"sameAs\":[\"https:\/\/www.facebook.com\/profile.php?id=61556048072021\"]}]}<\/script>\n<!-- \/ Yoast SEO plugin. -->","yoast_head_json":{"title":"\u00e9quipe - Transcat - Agencia de Transportes","robots":{"index":"index","follow":"follow","max-snippet":"max-snippet:-1","max-image-preview":"max-image-preview:large","max-video-preview":"max-video-preview:-1"},"canonical":"https:\/\/transcat.net\/equipo\/","og_locale":"fr_FR","og_type":"article","og_title":"\u00e9quipe - Transcat - Agencia de Transportes","og_description":"NUESTRA FILOSOF\u00cdA Velocidad, Eficiencia, precisi\u00f3n y calidad Transcat va au-del\u00e0 de la logistique\u00a0: nous faisons tourner le monde et r\u00e9volutionnons le business..VICENTE Antonino DEPARTAMENTOS PROFESIONALES TRANSCAT es una empresa formada por un equipo de j\u00f3venes emprendedores. Transcat importa&hellip;","og_url":"https:\/\/transcat.net\/equipo\/","og_site_name":"Transcat - Agencia de Transportes","article_publisher":"https:\/\/www.facebook.com\/profile.php?id=61556048072021","article_modified_time":"2023-12-18T11:06:41+00:00","og_image":[{"url":"https:\/\/transcat.net\/wp-content\/uploads\/2020\/05\/TRAN_DSC_0050.jpg","type":"","width":"","height":""}],"twitter_card":"summary_large_image","twitter_misc":{"Dur\u00e9e de lecture estim\u00e9e":"1 minute"},"schema":{"@context":"https:\/\/schema.org","@graph":[{"@type":"WebPage","@id":"https:\/\/transcat.net\/equipo\/","url":"https:\/\/transcat.net\/equipo\/","name":"\u00e9quipe - Transcat - Agencia de Transportes","isPartOf":{"@id":"https:\/\/transcat.net\/#website"},"primaryImageOfPage":{"@id":"https:\/\/transcat.net\/equipo\/#primaryimage"},"image":{"@id":"https:\/\/transcat.net\/equipo\/#primaryimage"},"thumbnailUrl":"https:\/\/transcat.net\/wp-content\/uploads\/2020\/05\/TRAN_DSC_0050.jpg","datePublished":"2023-12-18T11:06:39+00:00","dateModified":"2023-12-18T11:06:41+00:00","breadcrumb":{"@id":"https:\/\/transcat.net\/equipo\/#breadcrumb"},"inLanguage":"fr-FR","potentialAction":[{"@type":"ReadAction","target":["https:\/\/transcat.net\/equipo\/"]}]},{"@type":"ImageObject","inLanguage":"fr-FR","@id":"https:\/\/transcat.net\/equipo\/#primaryimage","url":"https:\/\/transcat.net\/wp-content\/uploads\/2020\/05\/TRAN_DSC_0050.jpg","contentUrl":"https:\/\/transcat.net\/wp-content\/uploads\/2020\/05\/TRAN_DSC_0050.jpg"},{"@type":"BreadcrumbList","@id":"https:\/\/transcat.net\/equipo\/#breadcrumb","itemListElement":[{"@type":"ListItem","position":1,"name":"Home","item":"https:\/\/transcat.net\/fr\/"},{"@type":"ListItem","position":2,"name":"\u00e9quipe"}]},{"@type":"WebSite","@id":"https:\/\/transcat.net\/#website","url":"https:\/\/transcat.net\/","name":"Transcat - Empresa de Transporte en Valencia","description":"L\u00edder en Transporte Internacional","publisher":{"@id":"https:\/\/transcat.net\/#organization"},"alternateName":"Transcat","potentialAction":[{"@type":"SearchAction","target":{"@type":"EntryPoint","urlTemplate":"https:\/\/transcat.net\/?s={search_term_string}"},"query-input":{"@type":"PropertyValueSpecification","valueRequired":true,"valueName":"search_term_string"}}],"inLanguage":"fr-FR"},{"@type":"Organization","@id":"https:\/\/transcat.net\/#organization","name":"Transcat","url":"https:\/\/transcat.net\/","logo":{"@type":"ImageObject","inLanguage":"fr-FR","@id":"https:\/\/transcat.net\/#\/schema\/logo\/image\/","url":"https:\/\/transcat.net\/wp-content\/uploads\/2020\/04\/logo_Transcat_02.png","contentUrl":"https:\/\/transcat.net\/wp-content\/uploads\/2020\/04\/logo_Transcat_02.png","width":512,"height":512,"caption":"Transcat"},"image":{"@id":"https:\/\/transcat.net\/#\/schema\/logo\/image\/"},"sameAs":["https:\/\/www.facebook.com\/profile.php?id=61556048072021"]}]}},"_links":{"self":[{"href":"https:\/\/transcat.net\/fr\/wp-json\/wp\/v2\/pages\/4659","targetHints":{"allow":["GET"]}}],"collection":[{"href":"https:\/\/transcat.net\/fr\/wp-json\/wp\/v2\/pages"}],"about":[{"href":"https:\/\/transcat.net\/fr\/wp-json\/wp\/v2\/types\/page"}],"author":[{"embeddable":true,"href":"https:\/\/transcat.net\/fr\/wp-json\/wp\/v2\/users\/1"}],"replies":[{"embeddable":true,"href":"https:\/\/transcat.net\/fr\/wp-json\/wp\/v2\/comments?post=4659"}],"version-history":[{"count":1,"href":"https:\/\/transcat.net\/fr\/wp-json\/wp\/v2\/pages\/4659\/revisions"}],"predecessor-version":[{"id":4660,"href":"https:\/\/transcat.net\/fr\/wp-json\/wp\/v2\/pages\/4659\/revisions\/4660"}],"wp:attachment":[{"href":"https:\/\/transcat.net\/fr\/wp-json\/wp\/v2\/media?parent=4659"}],"curies":[{"name":"wp","href":"https:\/\/api.w.org\/{rel}","templated":true}]}}